{"id":29,"date":"2019-06-11T11:49:01","date_gmt":"2019-06-11T11:49:01","guid":{"rendered":"https:\/\/aikidowaza.com\/fr\/?page_id=29"},"modified":"2021-02-18T11:38:24","modified_gmt":"2021-02-18T11:38:24","slug":"premium","status":"publish","type":"page","link":"https:\/\/aikidowaza.com\/br\/","title":{"rendered":"Premium"},"content":{"rendered":"","protected":false},"excerpt":{"rendered":"","protected":false},"author":1,"featured_media":0,"parent":0,"menu_order":0,"comment_status":"closed","ping_status":"closed","template":"page-premium.php","meta":[],"acf":[],"yoast_head":"<!-- This site is optimized with the Yoast SEO plugin v17.6 - https:\/\/yoast.com\/wordpress\/plugins\/seo\/ -->\n<meta name=\"description\" content=\"V\u00eddeos do aikido at\u00e9 o 1\u00ba Kyu do repert\u00f3rio do Hombu Dojo de T\u00f3quio, por Jos\u00e9 Mar\u00eda Sevilleja, 5\u00ba Dan, formado por Franck No\u00ebl, 7\u00ba Dan Shihan do Aikikai.\" \/>\n<meta name=\"robots\" content=\"index, follow, max-snippet:-1, max-image-preview:large, max-video-preview:-1\" \/>\n<link rel=\"canonical\" href=\"https:\/\/aikidowaza.com\/br\/\" \/>\n<meta property=\"og:locale\" content=\"pt_BR\" \/>\n<meta property=\"og:type\" content=\"article\" \/>\n<meta property=\"og:title\" content=\"AIKIDOWAZA mais de 230 v\u00eddeos de T\u00c9CNICAS AIKIDO do Aikikai\" \/>\n<meta property=\"og:description\" content=\"V\u00eddeos do aikido at\u00e9 o 1\u00ba Kyu do repert\u00f3rio do Hombu Dojo de T\u00f3quio, por Jos\u00e9 Mar\u00eda Sevilleja, 5\u00ba Dan, formado por Franck No\u00ebl, 7\u00ba Dan Shihan do Aikikai.\" \/>\n<meta property=\"og:url\" content=\"https:\/\/aikidowaza.com\/br\/\" \/>\n<meta property=\"og:site_name\" content=\"AIKIDOWAZA\" \/>\n<meta property=\"article:modified_time\" content=\"2021-02-18T11:38:24+00:00\" \/>\n<meta name=\"twitter:card\" content=\"summary_large_image\" \/>\n<script type=\"application\/ld+json\" class=\"yoast-schema-graph\">{\"@context\":\"https:\/\/schema.org\",\"@graph\":[{\"@type\":\"WebSite\",\"@id\":\"https:\/\/aikidowaza.com\/br\/#website\",\"url\":\"https:\/\/aikidowaza.com\/br\/\",\"name\":\"AIKIDOWAZA\",\"description\":\"\",\"potentialAction\":[{\"@type\":\"SearchAction\",\"target\":{\"@type\":\"EntryPoint\",\"urlTemplate\":\"https:\/\/aikidowaza.com\/br\/?s={search_term_string}\"},\"query-input\":\"required name=search_term_string\"}],\"inLanguage\":\"pt-BR\"},{\"@type\":\"WebPage\",\"@id\":\"https:\/\/aikidowaza.com\/br\/#webpage\",\"url\":\"https:\/\/aikidowaza.com\/br\/\",\"name\":\"AIKIDOWAZA mais de 230 v\\u00eddeos de T\\u00c9CNICAS AIKIDO do Aikikai\",\"isPartOf\":{\"@id\":\"https:\/\/aikidowaza.com\/br\/#website\"},\"datePublished\":\"2019-06-11T11:49:01+00:00\",\"dateModified\":\"2021-02-18T11:38:24+00:00\",\"description\":\"V\\u00eddeos do aikido at\\u00e9 o 1\\u00ba Kyu do repert\\u00f3rio do Hombu Dojo de T\\u00f3quio, por Jos\\u00e9 Mar\\u00eda Sevilleja, 5\\u00ba Dan, formado por Franck No\\u00ebl, 7\\u00ba Dan Shihan do Aikikai.\",\"breadcrumb\":{\"@id\":\"https:\/\/aikidowaza.com\/br\/#breadcrumb\"},\"inLanguage\":\"pt-BR\",\"potentialAction\":[{\"@type\":\"ReadAction\",\"target\":[\"https:\/\/aikidowaza.com\/br\/\"]}]},{\"@type\":\"BreadcrumbList\",\"@id\":\"https:\/\/aikidowaza.com\/br\/#breadcrumb\",\"itemListElement\":[{\"@type\":\"ListItem\",\"position\":1,\"name\":\"Portada\",\"item\":\"https:\/\/aikidowaza.com\/br\/\"},{\"@type\":\"ListItem\",\"position\":2,\"name\":\"Premium\"}]}]}<\/script>\n<!-- \/ Yoast SEO plugin. -->","yoast_head_json":{"description":"V\u00eddeos do aikido at\u00e9 o 1\u00ba Kyu do repert\u00f3rio do Hombu Dojo de T\u00f3quio, por Jos\u00e9 Mar\u00eda Sevilleja, 5\u00ba Dan, formado por Franck No\u00ebl, 7\u00ba Dan Shihan do Aikikai.","robots":{"index":"index","follow":"follow","max-snippet":"max-snippet:-1","max-image-preview":"max-image-preview:large","max-video-preview":"max-video-preview:-1"},"canonical":"https:\/\/aikidowaza.com\/br\/","og_locale":"pt_BR","og_type":"article","og_title":"AIKIDOWAZA mais de 230 v\u00eddeos de T\u00c9CNICAS AIKIDO do Aikikai","og_description":"V\u00eddeos do aikido at\u00e9 o 1\u00ba Kyu do repert\u00f3rio do Hombu Dojo de T\u00f3quio, por Jos\u00e9 Mar\u00eda Sevilleja, 5\u00ba Dan, formado por Franck No\u00ebl, 7\u00ba Dan Shihan do Aikikai.","og_url":"https:\/\/aikidowaza.com\/br\/","og_site_name":"AIKIDOWAZA","article_modified_time":"2021-02-18T11:38:24+00:00","twitter_card":"summary_large_image","schema":{"@context":"https:\/\/schema.org","@graph":[{"@type":"WebSite","@id":"https:\/\/aikidowaza.com\/br\/#website","url":"https:\/\/aikidowaza.com\/br\/","name":"AIKIDOWAZA","description":"","potentialAction":[{"@type":"SearchAction","target":{"@type":"EntryPoint","urlTemplate":"https:\/\/aikidowaza.com\/br\/?s={search_term_string}"},"query-input":"required name=search_term_string"}],"inLanguage":"pt-BR"},{"@type":"WebPage","@id":"https:\/\/aikidowaza.com\/br\/#webpage","url":"https:\/\/aikidowaza.com\/br\/","name":"AIKIDOWAZA mais de 230 v\u00eddeos de T\u00c9CNICAS AIKIDO do Aikikai","isPartOf":{"@id":"https:\/\/aikidowaza.com\/br\/#website"},"datePublished":"2019-06-11T11:49:01+00:00","dateModified":"2021-02-18T11:38:24+00:00","description":"V\u00eddeos do aikido at\u00e9 o 1\u00ba Kyu do repert\u00f3rio do Hombu Dojo de T\u00f3quio, por Jos\u00e9 Mar\u00eda Sevilleja, 5\u00ba Dan, formado por Franck No\u00ebl, 7\u00ba Dan Shihan do Aikikai.","breadcrumb":{"@id":"https:\/\/aikidowaza.com\/br\/#breadcrumb"},"inLanguage":"pt-BR","potentialAction":[{"@type":"ReadAction","target":["https:\/\/aikidowaza.com\/br\/"]}]},{"@type":"BreadcrumbList","@id":"https:\/\/aikidowaza.com\/br\/#breadcrumb","itemListElement":[{"@type":"ListItem","position":1,"name":"Portada","item":"https:\/\/aikidowaza.com\/br\/"},{"@type":"ListItem","position":2,"name":"Premium"}]}]}},"_links":{"self":[{"href":"https:\/\/aikidowaza.com\/br\/wp-json\/wp\/v2\/pages\/29"}],"collection":[{"href":"https:\/\/aikidowaza.com\/br\/wp-json\/wp\/v2\/pages"}],"about":[{"href":"https:\/\/aikidowaza.com\/br\/wp-json\/wp\/v2\/types\/page"}],"author":[{"embeddable":true,"href":"https:\/\/aikidowaza.com\/br\/wp-json\/wp\/v2\/users\/1"}],"replies":[{"embeddable":true,"href":"https:\/\/aikidowaza.com\/br\/wp-json\/wp\/v2\/comments?post=29"}],"version-history":[{"count":1,"href":"https:\/\/aikidowaza.com\/br\/wp-json\/wp\/v2\/pages\/29\/revisions"}],"predecessor-version":[{"id":30,"href":"https:\/\/aikidowaza.com\/br\/wp-json\/wp\/v2\/pages\/29\/revisions\/30"}],"wp:attachment":[{"href":"https:\/\/aikidowaza.com\/br\/wp-json\/wp\/v2\/media?parent=29"}],"curies":[{"name":"wp","href":"https:\/\/api.w.org\/{rel}","templated":true}]}}