{"id":48,"date":"2019-06-11T14:32:54","date_gmt":"2019-06-11T14:32:54","guid":{"rendered":"https:\/\/aikidowaza.com\/fr\/?page_id=48"},"modified":"2021-02-23T13:06:00","modified_gmt":"2021-02-23T13:06:00","slug":"contato","status":"publish","type":"page","link":"https:\/\/aikidowaza.com\/br\/contato\/","title":{"rendered":"Contato"},"content":{"rendered":"\n<p>Se voc\u00ea est\u00e1 interessado em entrar em contato conosco, voc\u00ea pode usar o seguinte formul\u00e1rio para nos saudar, nos propor alguma colabora\u00e7\u00e3o ou apenas conversar conosco, n\u00e3o hesite, teremos o maior prazer em ler o que voc\u00ea escrever.<\/p>\n\n\n\n<div class=\"wp-block-contact-form-7-contact-form-selector\"><div role=\"form\" class=\"wpcf7\" id=\"wpcf7-f47-o1\" lang=\"es-ES\" dir=\"ltr\">\n<div class=\"screen-reader-response\"><p role=\"status\" aria-live=\"polite\" aria-atomic=\"true\"><\/p> <ul><\/ul><\/div>\n<form action=\"\/br\/wp-json\/wp\/v2\/pages\/48#wpcf7-f47-o1\" method=\"post\" class=\"wpcf7-form init\" novalidate=\"novalidate\" data-status=\"init\">\n<div style=\"display: none;\">\n<input type=\"hidden\" name=\"_wpcf7\" value=\"47\" \/>\n<input type=\"hidden\" name=\"_wpcf7_version\" value=\"5.5.2\" \/>\n<input type=\"hidden\" name=\"_wpcf7_locale\" value=\"es_ES\" \/>\n<input type=\"hidden\" name=\"_wpcf7_unit_tag\" value=\"wpcf7-f47-o1\" \/>\n<input type=\"hidden\" name=\"_wpcf7_container_post\" value=\"0\" \/>\n<input type=\"hidden\" name=\"_wpcf7_posted_data_hash\" value=\"\" \/>\n<input type=\"hidden\" name=\"_wpcf7_recaptcha_response\" value=\"\" \/>\n<\/div>\n<p><label for=\"nombre\">Seu nome <span class=\"detalle\">*<\/span><\/label><br \/>\n<span class=\"wpcf7-form-control-wrap tu-nombre\"><input type=\"text\" name=\"tu-nombre\" value=\"\" size=\"40\" class=\"wpcf7-form-control wpcf7-text wpcf7-validates-as-required\" id=\"nombre\" aria-required=\"true\" aria-invalid=\"false\" \/><\/span><\/p>\n<p><label for=\"email\">Seu e-mail <span class=\"detalle\">*<\/span><\/label><br \/>\n<span class=\"wpcf7-form-control-wrap tu-email\"><input type=\"email\" name=\"tu-email\" value=\"\" size=\"40\" class=\"wpcf7-form-control wpcf7-text wpcf7-email wpcf7-validates-as-required wpcf7-validates-as-email\" id=\"email\" aria-required=\"true\" aria-invalid=\"false\" \/><\/span><\/p>\n<p><label for=\"asunto\">Assunto<\/label><br \/>\n<span class=\"wpcf7-form-control-wrap tu-asunto\"><input type=\"text\" name=\"tu-asunto\" value=\"\" size=\"40\" class=\"wpcf7-form-control wpcf7-text\" id=\"asunto\" aria-invalid=\"false\" \/><\/span> <\/p>\n<p><label for=\"mensaje\">Sua mensagem <span class=\"detalle\">*<\/span><\/label><br \/>\n<span class=\"wpcf7-form-control-wrap tu-mensaje\"><textarea name=\"tu-mensaje\" cols=\"40\" rows=\"10\" class=\"wpcf7-form-control wpcf7-textarea wpcf7-validates-as-required\" id=\"mensaje\" aria-required=\"true\" aria-invalid=\"false\"><\/textarea><\/span> <\/p>\n<p><label><span class=\"wpcf7-form-control-wrap acceptance-935\"><span class=\"wpcf7-form-control wpcf7-acceptance\"><span class=\"wpcf7-list-item\"><label><input type=\"checkbox\" name=\"acceptance-935\" value=\"1\" aria-invalid=\"false\" \/><span class=\"wpcf7-list-item-label\">Li e aceito a <a href=\"https:\/\/aikidowaza.com\/br\/politica-de-privacidade\/\" target=\"_blank\">pol\u00edtica de privacidad<\/a> <span class=\"detalle\">*<\/span><\/span><\/label><\/span><\/span><\/span><\/label><\/p>\n<p><span class=\"detalle\">*<\/span> Campos obrigat\u00f3rios<\/p>\n<p><input type=\"submit\" value=\"Enviar\" class=\"wpcf7-form-control has-spinner wpcf7-submit\" \/><\/p>\n<p class=\"text-legal\">Respons\u00e1vel pelo arquivo: Yub\u00e9n Fern\u00e1ndez Gonz\u00e1lez. Objetivo: Fornecer acesso a produtos on-line, gerenciar envio de informa\u00e7\u00f5es e correspond\u00eancias comerciais. Legitima\u00e7\u00e3o: seu consentimento. Destinat\u00e1rios: seus dados s\u00e3o armazenados no Mailchimp com o The Rocket Science Group LLC, armazenados nos EUA e inscrito no EU PrivacyShield. Voc\u00ea pode exercer seus direitos de acesso, retifica\u00e7\u00e3o, limita\u00e7\u00e3o ou excluir seus dados enviando um e-mail para info@aikidowaza.com.<\/p>\n<div class=\"wpcf7-response-output\" aria-hidden=\"true\"><\/div><\/form><\/div><\/div>\n","protected":false},"excerpt":{"rendered":"<p>Se voc\u00ea est\u00e1 interessado em entrar em contato conosco, voc\u00ea pode usar o seguinte formul\u00e1rio para nos saudar, nos propor&#8230;  <a class=\"excerpt-read-more\" href=\"https:\/\/aikidowaza.com\/br\/contato\/\" title=\"Read Contato\">Read more &raquo;<\/a><\/p>\n","protected":false},"author":1,"featured_media":0,"parent":0,"menu_order":0,"comment_status":"closed","ping_status":"closed","template":"page-formulario.php","meta":[],"acf":[],"yoast_head":"<!-- This site is optimized with the Yoast SEO plugin v17.6 - https:\/\/yoast.com\/wordpress\/plugins\/seo\/ -->\n<meta name=\"robots\" content=\"noindex, follow\" \/>\n<meta property=\"og:locale\" content=\"pt_BR\" \/>\n<meta property=\"og:type\" content=\"article\" \/>\n<meta property=\"og:title\" content=\"Contato - AIKIDOWAZA\" \/>\n<meta property=\"og:description\" content=\"Se voc\u00ea est\u00e1 interessado em entrar em contato conosco, voc\u00ea pode usar o seguinte formul\u00e1rio para nos saudar, nos propor... Read more &raquo;\" \/>\n<meta property=\"og:url\" content=\"https:\/\/aikidowaza.com\/br\/contato\/\" \/>\n<meta property=\"og:site_name\" content=\"AIKIDOWAZA\" \/>\n<meta property=\"article:modified_time\" content=\"2021-02-23T13:06:00+00:00\" \/>\n<meta name=\"twitter:card\" content=\"summary_large_image\" \/>\n<meta name=\"twitter:label1\" content=\"Est. tempo de leitura\" \/>\n\t<meta name=\"twitter:data1\" content=\"1 minuto\" \/>\n<script type=\"application\/ld+json\" class=\"yoast-schema-graph\">{\"@context\":\"https:\/\/schema.org\",\"@graph\":[{\"@type\":\"WebSite\",\"@id\":\"https:\/\/aikidowaza.com\/br\/#website\",\"url\":\"https:\/\/aikidowaza.com\/br\/\",\"name\":\"AIKIDOWAZA\",\"description\":\"\",\"potentialAction\":[{\"@type\":\"SearchAction\",\"target\":{\"@type\":\"EntryPoint\",\"urlTemplate\":\"https:\/\/aikidowaza.com\/br\/?s={search_term_string}\"},\"query-input\":\"required name=search_term_string\"}],\"inLanguage\":\"pt-BR\"},{\"@type\":\"WebPage\",\"@id\":\"https:\/\/aikidowaza.com\/br\/contato\/#webpage\",\"url\":\"https:\/\/aikidowaza.com\/br\/contato\/\",\"name\":\"Contato - AIKIDOWAZA\",\"isPartOf\":{\"@id\":\"https:\/\/aikidowaza.com\/br\/#website\"},\"datePublished\":\"2019-06-11T14:32:54+00:00\",\"dateModified\":\"2021-02-23T13:06:00+00:00\",\"breadcrumb\":{\"@id\":\"https:\/\/aikidowaza.com\/br\/contato\/#breadcrumb\"},\"inLanguage\":\"pt-BR\",\"potentialAction\":[{\"@type\":\"ReadAction\",\"target\":[\"https:\/\/aikidowaza.com\/br\/contato\/\"]}]},{\"@type\":\"BreadcrumbList\",\"@id\":\"https:\/\/aikidowaza.com\/br\/contato\/#breadcrumb\",\"itemListElement\":[{\"@type\":\"ListItem\",\"position\":1,\"name\":\"Portada\",\"item\":\"https:\/\/aikidowaza.com\/br\/\"},{\"@type\":\"ListItem\",\"position\":2,\"name\":\"Contato\"}]}]}<\/script>\n<!-- \/ Yoast SEO plugin. -->","yoast_head_json":{"robots":{"index":"noindex","follow":"follow"},"og_locale":"pt_BR","og_type":"article","og_title":"Contato - AIKIDOWAZA","og_description":"Se voc\u00ea est\u00e1 interessado em entrar em contato conosco, voc\u00ea pode usar o seguinte formul\u00e1rio para nos saudar, nos propor... Read more &raquo;","og_url":"https:\/\/aikidowaza.com\/br\/contato\/","og_site_name":"AIKIDOWAZA","article_modified_time":"2021-02-23T13:06:00+00:00","twitter_card":"summary_large_image","twitter_misc":{"Est. tempo de leitura":"1 minuto"},"schema":{"@context":"https:\/\/schema.org","@graph":[{"@type":"WebSite","@id":"https:\/\/aikidowaza.com\/br\/#website","url":"https:\/\/aikidowaza.com\/br\/","name":"AIKIDOWAZA","description":"","potentialAction":[{"@type":"SearchAction","target":{"@type":"EntryPoint","urlTemplate":"https:\/\/aikidowaza.com\/br\/?s={search_term_string}"},"query-input":"required name=search_term_string"}],"inLanguage":"pt-BR"},{"@type":"WebPage","@id":"https:\/\/aikidowaza.com\/br\/contato\/#webpage","url":"https:\/\/aikidowaza.com\/br\/contato\/","name":"Contato - AIKIDOWAZA","isPartOf":{"@id":"https:\/\/aikidowaza.com\/br\/#website"},"datePublished":"2019-06-11T14:32:54+00:00","dateModified":"2021-02-23T13:06:00+00:00","breadcrumb":{"@id":"https:\/\/aikidowaza.com\/br\/contato\/#breadcrumb"},"inLanguage":"pt-BR","potentialAction":[{"@type":"ReadAction","target":["https:\/\/aikidowaza.com\/br\/contato\/"]}]},{"@type":"BreadcrumbList","@id":"https:\/\/aikidowaza.com\/br\/contato\/#breadcrumb","itemListElement":[{"@type":"ListItem","position":1,"name":"Portada","item":"https:\/\/aikidowaza.com\/br\/"},{"@type":"ListItem","position":2,"name":"Contato"}]}]}},"_links":{"self":[{"href":"https:\/\/aikidowaza.com\/br\/wp-json\/wp\/v2\/pages\/48"}],"collection":[{"href":"https:\/\/aikidowaza.com\/br\/wp-json\/wp\/v2\/pages"}],"about":[{"href":"https:\/\/aikidowaza.com\/br\/wp-json\/wp\/v2\/types\/page"}],"author":[{"embeddable":true,"href":"https:\/\/aikidowaza.com\/br\/wp-json\/wp\/v2\/users\/1"}],"replies":[{"embeddable":true,"href":"https:\/\/aikidowaza.com\/br\/wp-json\/wp\/v2\/comments?post=48"}],"version-history":[{"count":6,"href":"https:\/\/aikidowaza.com\/br\/wp-json\/wp\/v2\/pages\/48\/revisions"}],"predecessor-version":[{"id":870,"href":"https:\/\/aikidowaza.com\/br\/wp-json\/wp\/v2\/pages\/48\/revisions\/870"}],"wp:attachment":[{"href":"https:\/\/aikidowaza.com\/br\/wp-json\/wp\/v2\/media?parent=48"}],"curies":[{"name":"wp","href":"https:\/\/api.w.org\/{rel}","templated":true}]}}