{"id":76,"date":"2019-06-11T16:16:31","date_gmt":"2019-06-11T16:16:31","guid":{"rendered":"https:\/\/aikidowaza.com\/fr\/?page_id=76"},"modified":"2021-02-23T13:07:29","modified_gmt":"2021-02-23T13:07:29","slug":"perguntas-frequentes","status":"publish","type":"page","link":"https:\/\/aikidowaza.com\/br\/perguntas-frequentes\/","title":{"rendered":"Perguntas frequentes"},"content":{"rendered":"\n<h2>O que \u00e9 aikidowaza.com?<\/h2>\n\n\n\n<p>Este site nasceu com o objetivo principal de divulgar esta arte que tanto nos apaixona.<\/p>\n\n\n\n<p>Inicialmente com uma plataforma de v\u00eddeos t\u00e9cnicos, gravada de maneira profissional e projetada com uma abordagem did\u00e1tica. A ideia surgiu de uma necessidade pessoal de ter uma ferramenta para preparar com mais facilidade as provas de grau de licenciatura e assim poder consultar d\u00favidas de maneira \u00e1gil sobre certas t\u00e9cnicas. E tamb\u00e9m, \u00e9 claro, para consulta did\u00e1tica e reflex\u00e3o sobre t\u00e9cnica de progress\u00e3o e execu\u00e7\u00e3o em v\u00e1rios n\u00edveis.<\/p>\n\n\n\n<p>O objetivo desta web \u00e9 que seja um projeto vivo e que avance, evoluindo dentro dos interesses desta comunidade. Pouco a pouco, vamos expandir o repert\u00f3rio e complet\u00e1-lo com trabalho com armas e outras funcionalidades.<\/p>\n\n\n\n<h2>Como posso acessar os v\u00eddeos das t\u00e9cnicas?<\/h2>\n\n\n\n<p>Voc\u00ea deve se inscrever na plataforma, para isso voc\u00ea deve se <a href=\"https:\/\/aikidowaza.com\/br\">inscrever<\/a> em um dos planos de pagamento dispon\u00edveis.<\/p>\n\n\n\n<h2>Quais formas de pagamento posso usar para me registrar?<\/h2>\n\n\n\n<p>O pagamento pode ser feito por cart\u00e3o de cr\u00e9dito.<\/p>\n\n\n\n<h2>Eu tenho que pagar todo m\u00eas?<\/h2>\n\n\n\n<p>Existem v\u00e1rios tipos de inscri\u00e7\u00e3o, 12 meses ou acesso vital\u00edcio, dependendo da modalidade escolhida, a inscri\u00e7\u00e3o ser\u00e1 automaticamente renovada quando o per\u00edodo contratado terminar.<\/p>\n\n\n\n<h2>Eu posso cancelar a qualquer momento?<\/h2>\n\n\n\n<p>Sim, voc\u00ea pode realizar a cancela\u00e7\u00e3o da plataforma a qualquer momento e a inscri\u00e7\u00e3o ser\u00e1 cancelada.<\/p>\n\n\n\n<h2>O pre\u00e7o da minha inscri\u00e7\u00e3o \u00e9 para sempre?<\/h2>\n\n\n\n<p>Sim, depois de se inscrever, embora o pre\u00e7o das inscri\u00e7\u00f5es aumente, voc\u00ea poder\u00e1 manter o pre\u00e7o enquanto voc\u00ea n\u00e3o cancelar a inscri\u00e7\u00e3o.<\/p>\n\n\n\n<h2>Haver\u00e1 conte\u00fado gratuito?<\/h2>\n\n\n\n<p>Claro, ter\u00e1 uma parte aberta e gratuita, onde diferentes formas de ver e entender o Aikido ser\u00e3o acomodadas e que ser\u00e1 uma p\u00e1gina com pluralidade, onde haver\u00e1 informa\u00e7\u00f5es sobre Dojos, Professores, Cursos, cole\u00e7\u00e3o de v\u00eddeos e v\u00e1rios artigos.<\/p>\n\n\n\n<h2>Em que idiomas est\u00e1 dispon\u00edvel?<\/h2>\n\n\n\n<p>Atualmente em <a href=\"https:\/\/aikidowaza.com\/\">espanhol<\/a>, <a href=\"https:\/\/aikidowaza.com\/en\">ingl\u00eas<\/a>, <a href=\"https:\/\/aikidowaza.com\/fr\">franc\u00eas<\/a>, <a href=\"https:\/\/aikidowaza.com\/br\">portugu\u00eas<\/a>, <a href=\"https:\/\/aikidowaza.com\/it\">italiano<\/a> e <a href=\"https:\/\/aikidowaza.com\/pl\">polon\u00eas<\/a>, em breve em alem\u00e3o e japon\u00eas.<\/p>\n\n\n\n<div style=\"height:100px\" aria-hidden=\"true\" class=\"wp-block-spacer\"><\/div>\n\n\n\n<hr class=\"wp-block-separator\"\/>\n\n\n\n<p>Se voc\u00ea n\u00e3o encontrou uma resposta para sua pergunta, entre em contato atrav\u00e9s deste formul\u00e1rio:<\/p>\n\n\n\n<div class=\"wp-block-contact-form-7-contact-form-selector\"><div role=\"form\" class=\"wpcf7\" id=\"wpcf7-f47-o1\" lang=\"es-ES\" dir=\"ltr\">\n<div class=\"screen-reader-response\"><p role=\"status\" aria-live=\"polite\" aria-atomic=\"true\"><\/p> <ul><\/ul><\/div>\n<form action=\"\/br\/wp-json\/wp\/v2\/pages\/76#wpcf7-f47-o1\" method=\"post\" class=\"wpcf7-form init\" novalidate=\"novalidate\" data-status=\"init\">\n<div style=\"display: none;\">\n<input type=\"hidden\" name=\"_wpcf7\" value=\"47\" \/>\n<input type=\"hidden\" name=\"_wpcf7_version\" value=\"5.5.2\" \/>\n<input type=\"hidden\" name=\"_wpcf7_locale\" value=\"es_ES\" \/>\n<input type=\"hidden\" name=\"_wpcf7_unit_tag\" value=\"wpcf7-f47-o1\" \/>\n<input type=\"hidden\" name=\"_wpcf7_container_post\" value=\"0\" \/>\n<input type=\"hidden\" name=\"_wpcf7_posted_data_hash\" value=\"\" \/>\n<input type=\"hidden\" name=\"_wpcf7_recaptcha_response\" value=\"\" \/>\n<\/div>\n<p><label for=\"nombre\">Seu nome <span class=\"detalle\">*<\/span><\/label><br \/>\n<span class=\"wpcf7-form-control-wrap tu-nombre\"><input type=\"text\" name=\"tu-nombre\" value=\"\" size=\"40\" class=\"wpcf7-form-control wpcf7-text wpcf7-validates-as-required\" id=\"nombre\" aria-required=\"true\" aria-invalid=\"false\" \/><\/span><\/p>\n<p><label for=\"email\">Seu e-mail <span class=\"detalle\">*<\/span><\/label><br \/>\n<span class=\"wpcf7-form-control-wrap tu-email\"><input type=\"email\" name=\"tu-email\" value=\"\" size=\"40\" class=\"wpcf7-form-control wpcf7-text wpcf7-email wpcf7-validates-as-required wpcf7-validates-as-email\" id=\"email\" aria-required=\"true\" aria-invalid=\"false\" \/><\/span><\/p>\n<p><label for=\"asunto\">Assunto<\/label><br \/>\n<span class=\"wpcf7-form-control-wrap tu-asunto\"><input type=\"text\" name=\"tu-asunto\" value=\"\" size=\"40\" class=\"wpcf7-form-control wpcf7-text\" id=\"asunto\" aria-invalid=\"false\" \/><\/span> <\/p>\n<p><label for=\"mensaje\">Sua mensagem <span class=\"detalle\">*<\/span><\/label><br \/>\n<span class=\"wpcf7-form-control-wrap tu-mensaje\"><textarea name=\"tu-mensaje\" cols=\"40\" rows=\"10\" class=\"wpcf7-form-control wpcf7-textarea wpcf7-validates-as-required\" id=\"mensaje\" aria-required=\"true\" aria-invalid=\"false\"><\/textarea><\/span> <\/p>\n<p><label><span class=\"wpcf7-form-control-wrap acceptance-935\"><span class=\"wpcf7-form-control wpcf7-acceptance\"><span class=\"wpcf7-list-item\"><label><input type=\"checkbox\" name=\"acceptance-935\" value=\"1\" aria-invalid=\"false\" \/><span class=\"wpcf7-list-item-label\">Li e aceito a <a href=\"https:\/\/aikidowaza.com\/br\/politica-de-privacidade\/\" target=\"_blank\">pol\u00edtica de privacidad<\/a> <span class=\"detalle\">*<\/span><\/span><\/label><\/span><\/span><\/span><\/label><\/p>\n<p><span class=\"detalle\">*<\/span> Campos obrigat\u00f3rios<\/p>\n<p><input type=\"submit\" value=\"Enviar\" class=\"wpcf7-form-control has-spinner wpcf7-submit\" \/><\/p>\n<p class=\"text-legal\">Respons\u00e1vel pelo arquivo: Yub\u00e9n Fern\u00e1ndez Gonz\u00e1lez. Objetivo: Fornecer acesso a produtos on-line, gerenciar envio de informa\u00e7\u00f5es e correspond\u00eancias comerciais. Legitima\u00e7\u00e3o: seu consentimento. Destinat\u00e1rios: seus dados s\u00e3o armazenados no Mailchimp com o The Rocket Science Group LLC, armazenados nos EUA e inscrito no EU PrivacyShield. Voc\u00ea pode exercer seus direitos de acesso, retifica\u00e7\u00e3o, limita\u00e7\u00e3o ou excluir seus dados enviando um e-mail para info@aikidowaza.com.<\/p>\n<div class=\"wpcf7-response-output\" aria-hidden=\"true\"><\/div><\/form><\/div><\/div>\n","protected":false},"excerpt":{"rendered":"<p>O que \u00e9 aikidowaza.com? Este site nasceu com o objetivo principal de divulgar esta arte que tanto nos apaixona. Inicialmente&#8230;  <a class=\"excerpt-read-more\" href=\"https:\/\/aikidowaza.com\/br\/perguntas-frequentes\/\" title=\"Read Perguntas frequentes\">Read more &raquo;<\/a><\/p>\n","protected":false},"author":1,"featured_media":0,"parent":0,"menu_order":0,"comment_status":"closed","ping_status":"closed","template":"","meta":[],"acf":[],"yoast_head":"<!-- This site is optimized with the Yoast SEO plugin v17.6 - https:\/\/yoast.com\/wordpress\/plugins\/seo\/ -->\n<meta name=\"robots\" content=\"index, follow, max-snippet:-1, max-image-preview:large, max-video-preview:-1\" \/>\n<link rel=\"canonical\" href=\"https:\/\/aikidowaza.com\/br\/perguntas-frequentes\/\" \/>\n<meta property=\"og:locale\" content=\"pt_BR\" \/>\n<meta property=\"og:type\" content=\"article\" \/>\n<meta property=\"og:title\" content=\"Perguntas frequentes - AIKIDOWAZA\" \/>\n<meta property=\"og:description\" content=\"O que \u00e9 aikidowaza.com? Este site nasceu com o objetivo principal de divulgar esta arte que tanto nos apaixona. Inicialmente... Read more &raquo;\" \/>\n<meta property=\"og:url\" content=\"https:\/\/aikidowaza.com\/br\/perguntas-frequentes\/\" \/>\n<meta property=\"og:site_name\" content=\"AIKIDOWAZA\" \/>\n<meta property=\"article:modified_time\" content=\"2021-02-23T13:07:29+00:00\" \/>\n<meta name=\"twitter:card\" content=\"summary_large_image\" \/>\n<meta name=\"twitter:label1\" content=\"Est. tempo de leitura\" \/>\n\t<meta name=\"twitter:data1\" content=\"2 minutos\" \/>\n<script type=\"application\/ld+json\" class=\"yoast-schema-graph\">{\"@context\":\"https:\/\/schema.org\",\"@graph\":[{\"@type\":\"WebSite\",\"@id\":\"https:\/\/aikidowaza.com\/br\/#website\",\"url\":\"https:\/\/aikidowaza.com\/br\/\",\"name\":\"AIKIDOWAZA\",\"description\":\"\",\"potentialAction\":[{\"@type\":\"SearchAction\",\"target\":{\"@type\":\"EntryPoint\",\"urlTemplate\":\"https:\/\/aikidowaza.com\/br\/?s={search_term_string}\"},\"query-input\":\"required name=search_term_string\"}],\"inLanguage\":\"pt-BR\"},{\"@type\":\"WebPage\",\"@id\":\"https:\/\/aikidowaza.com\/br\/perguntas-frequentes\/#webpage\",\"url\":\"https:\/\/aikidowaza.com\/br\/perguntas-frequentes\/\",\"name\":\"Perguntas frequentes - AIKIDOWAZA\",\"isPartOf\":{\"@id\":\"https:\/\/aikidowaza.com\/br\/#website\"},\"datePublished\":\"2019-06-11T16:16:31+00:00\",\"dateModified\":\"2021-02-23T13:07:29+00:00\",\"breadcrumb\":{\"@id\":\"https:\/\/aikidowaza.com\/br\/perguntas-frequentes\/#breadcrumb\"},\"inLanguage\":\"pt-BR\",\"potentialAction\":[{\"@type\":\"ReadAction\",\"target\":[\"https:\/\/aikidowaza.com\/br\/perguntas-frequentes\/\"]}]},{\"@type\":\"BreadcrumbList\",\"@id\":\"https:\/\/aikidowaza.com\/br\/perguntas-frequentes\/#breadcrumb\",\"itemListElement\":[{\"@type\":\"ListItem\",\"position\":1,\"name\":\"Portada\",\"item\":\"https:\/\/aikidowaza.com\/br\/\"},{\"@type\":\"ListItem\",\"position\":2,\"name\":\"Perguntas frequentes\"}]}]}<\/script>\n<!-- \/ Yoast SEO plugin. -->","yoast_head_json":{"robots":{"index":"index","follow":"follow","max-snippet":"max-snippet:-1","max-image-preview":"max-image-preview:large","max-video-preview":"max-video-preview:-1"},"canonical":"https:\/\/aikidowaza.com\/br\/perguntas-frequentes\/","og_locale":"pt_BR","og_type":"article","og_title":"Perguntas frequentes - AIKIDOWAZA","og_description":"O que \u00e9 aikidowaza.com? Este site nasceu com o objetivo principal de divulgar esta arte que tanto nos apaixona. Inicialmente... Read more &raquo;","og_url":"https:\/\/aikidowaza.com\/br\/perguntas-frequentes\/","og_site_name":"AIKIDOWAZA","article_modified_time":"2021-02-23T13:07:29+00:00","twitter_card":"summary_large_image","twitter_misc":{"Est. tempo de leitura":"2 minutos"},"schema":{"@context":"https:\/\/schema.org","@graph":[{"@type":"WebSite","@id":"https:\/\/aikidowaza.com\/br\/#website","url":"https:\/\/aikidowaza.com\/br\/","name":"AIKIDOWAZA","description":"","potentialAction":[{"@type":"SearchAction","target":{"@type":"EntryPoint","urlTemplate":"https:\/\/aikidowaza.com\/br\/?s={search_term_string}"},"query-input":"required name=search_term_string"}],"inLanguage":"pt-BR"},{"@type":"WebPage","@id":"https:\/\/aikidowaza.com\/br\/perguntas-frequentes\/#webpage","url":"https:\/\/aikidowaza.com\/br\/perguntas-frequentes\/","name":"Perguntas frequentes - AIKIDOWAZA","isPartOf":{"@id":"https:\/\/aikidowaza.com\/br\/#website"},"datePublished":"2019-06-11T16:16:31+00:00","dateModified":"2021-02-23T13:07:29+00:00","breadcrumb":{"@id":"https:\/\/aikidowaza.com\/br\/perguntas-frequentes\/#breadcrumb"},"inLanguage":"pt-BR","potentialAction":[{"@type":"ReadAction","target":["https:\/\/aikidowaza.com\/br\/perguntas-frequentes\/"]}]},{"@type":"BreadcrumbList","@id":"https:\/\/aikidowaza.com\/br\/perguntas-frequentes\/#breadcrumb","itemListElement":[{"@type":"ListItem","position":1,"name":"Portada","item":"https:\/\/aikidowaza.com\/br\/"},{"@type":"ListItem","position":2,"name":"Perguntas frequentes"}]}]}},"_links":{"self":[{"href":"https:\/\/aikidowaza.com\/br\/wp-json\/wp\/v2\/pages\/76"}],"collection":[{"href":"https:\/\/aikidowaza.com\/br\/wp-json\/wp\/v2\/pages"}],"about":[{"href":"https:\/\/aikidowaza.com\/br\/wp-json\/wp\/v2\/types\/page"}],"author":[{"embeddable":true,"href":"https:\/\/aikidowaza.com\/br\/wp-json\/wp\/v2\/users\/1"}],"replies":[{"embeddable":true,"href":"https:\/\/aikidowaza.com\/br\/wp-json\/wp\/v2\/comments?post=76"}],"version-history":[{"count":9,"href":"https:\/\/aikidowaza.com\/br\/wp-json\/wp\/v2\/pages\/76\/revisions"}],"predecessor-version":[{"id":873,"href":"https:\/\/aikidowaza.com\/br\/wp-json\/wp\/v2\/pages\/76\/revisions\/873"}],"wp:attachment":[{"href":"https:\/\/aikidowaza.com\/br\/wp-json\/wp\/v2\/media?parent=76"}],"curies":[{"name":"wp","href":"https:\/\/api.w.org\/{rel}","templated":true}]}}