{"id":76,"date":"2019-06-11T16:16:31","date_gmt":"2019-06-11T16:16:31","guid":{"rendered":"https:\/\/aikidowaza.com\/fr\/?page_id=76"},"modified":"2021-02-23T13:18:56","modified_gmt":"2021-02-23T13:18:56","slug":"frequently-asked-questions","status":"publish","type":"page","link":"https:\/\/aikidowaza.com\/en\/frequently-asked-questions\/","title":{"rendered":"Frequently asked questions"},"content":{"rendered":"\n<h2>What is aikidowaza.com?<\/h2>\n\n\n\n<p>This website has been created with the main objective of disseminating the art of Aikido that we are so passionate about.<\/p>\n\n\n\n<p>Beginning with a platform of technical videos, recorded in a professional manner and designed with a didactic approach. The idea arose from a personal need to have a tool to prepare for the passing exams of degree more easily and thus be able to consult doubts about certain techniques in an dynamic way. And also, of course, for didactic consultation and reflection on technical progression and execution at various levels.<\/p>\n\n\n\n<p>The purpose of this website is to be an evolving project that can evolve towards what interests the community. Little by little, we will expand the repertoire and complete it with work with weapons and other features.<\/p>\n\n\n\n<h2>How can I access the technique videos?<\/h2>\n\n\n\n<p>You must subscribe to the platform, for this you must <a href=\"https:\/\/aikidowaza.com\/en\/premium\/\">subscribe<\/a> to any of the available payment plans.<\/p>\n\n\n\n<h2>What forms of payment can I use to register?<\/h2>\n\n\n\n<p>Payment can be made by credit card.<\/p>\n\n\n\n<h2>Do I have to pay each month?<\/h2>\n\n\n\n<p>There are several types of subscription, 12 months or lifetime access, depending on the modality chosen, the subscription will be renewed automatically once the contracted period has ended.<\/p>\n\n\n\n<h2>Can I unsubscribe at any time?<\/h2>\n\n\n\n<p>Yes, you can unsubscribe from the platform at any time and the subscription will be cancelled.<\/p>\n\n\n\n<h2>Is the price of my subscription forever?<\/h2>\n\n\n\n<p>Yes, once you have subscribed, although the price of subscriptions may increase, you will keep the price of your subscription as long as you do not unsubscribe.<\/p>\n\n\n\n<h2>Will there be free content?<\/h2>\n\n\n\n<p>Of course, there will be an open and free part where different ways of seeing and understanding Aikido will be available and that is a plural page, where there will be information about Dojos, Teachers, Courses, video collections and various articles.<\/p>\n\n\n\n<h2>In what languages is it available?<\/h2>\n\n\n\n<p>Currently in <a href=\"https:\/\/aikidowaza.com\/\">Spanish<\/a>, <a href=\"https:\/\/aikidowaza.com\/en\">English<\/a>, <a href=\"https:\/\/aikidowaza.com\/fr\">French<\/a>, <a href=\"https:\/\/aikidowaza.com\/br\">Portuguese<\/a>, <a href=\"https:\/\/aikidowaza.com\/it\">Italian<\/a> and <a href=\"https:\/\/aikidowaza.com\/pl\">Polish<\/a>, soon in German and Japanese.<\/p>\n\n\n\n<div style=\"height:100px\" aria-hidden=\"true\" class=\"wp-block-spacer\"><\/div>\n\n\n\n<hr class=\"wp-block-separator\"\/>\n\n\n\n<p>If you have not found an answer to your question, please contact us through this form:<\/p>\n\n\n\n<div class=\"wp-block-contact-form-7-contact-form-selector\"><div role=\"form\" class=\"wpcf7\" id=\"wpcf7-f47-o1\" lang=\"es-ES\" dir=\"ltr\">\n<div class=\"screen-reader-response\"><p role=\"status\" aria-live=\"polite\" aria-atomic=\"true\"><\/p> <ul><\/ul><\/div>\n<form action=\"\/en\/wp-json\/wp\/v2\/pages\/76#wpcf7-f47-o1\" method=\"post\" class=\"wpcf7-form init\" novalidate=\"novalidate\" data-status=\"init\">\n<div style=\"display: none;\">\n<input type=\"hidden\" name=\"_wpcf7\" value=\"47\" \/>\n<input type=\"hidden\" name=\"_wpcf7_version\" value=\"5.5.2\" \/>\n<input type=\"hidden\" name=\"_wpcf7_locale\" value=\"es_ES\" \/>\n<input type=\"hidden\" name=\"_wpcf7_unit_tag\" value=\"wpcf7-f47-o1\" \/>\n<input type=\"hidden\" name=\"_wpcf7_container_post\" value=\"0\" \/>\n<input type=\"hidden\" name=\"_wpcf7_posted_data_hash\" value=\"\" \/>\n<input type=\"hidden\" name=\"_wpcf7_recaptcha_response\" value=\"\" \/>\n<\/div>\n<p><label for=\"nombre\">Your name <span class=\"detalle\">*<\/span><\/label><br \/>\n<span class=\"wpcf7-form-control-wrap tu-nombre\"><input type=\"text\" name=\"tu-nombre\" value=\"\" size=\"40\" class=\"wpcf7-form-control wpcf7-text wpcf7-validates-as-required\" id=\"nombre\" aria-required=\"true\" aria-invalid=\"false\" \/><\/span><\/p>\n<p><label for=\"email\">Your e-mail <span class=\"detalle\">*<\/span><\/label><br \/>\n<span class=\"wpcf7-form-control-wrap tu-email\"><input type=\"email\" name=\"tu-email\" value=\"\" size=\"40\" class=\"wpcf7-form-control wpcf7-text wpcf7-email wpcf7-validates-as-required wpcf7-validates-as-email\" id=\"email\" aria-required=\"true\" aria-invalid=\"false\" \/><\/span><\/p>\n<p><label for=\"asunto\">Subject<\/label><br \/>\n<span class=\"wpcf7-form-control-wrap tu-asunto\"><input type=\"text\" name=\"tu-asunto\" value=\"\" size=\"40\" class=\"wpcf7-form-control wpcf7-text\" id=\"asunto\" aria-invalid=\"false\" \/><\/span> <\/p>\n<p><label for=\"mensaje\">Your message <span class=\"detalle\">*<\/span><\/label><br \/>\n<span class=\"wpcf7-form-control-wrap tu-mensaje\"><textarea name=\"tu-mensaje\" cols=\"40\" rows=\"10\" class=\"wpcf7-form-control wpcf7-textarea wpcf7-validates-as-required\" id=\"mensaje\" aria-required=\"true\" aria-invalid=\"false\"><\/textarea><\/span> <\/p>\n<p><label><span class=\"wpcf7-form-control-wrap acceptance-935\"><span class=\"wpcf7-form-control wpcf7-acceptance\"><span class=\"wpcf7-list-item\"><label><input type=\"checkbox\" name=\"acceptance-935\" value=\"1\" aria-invalid=\"false\" \/><span class=\"wpcf7-list-item-label\">I have read and accept the <a href=\"https:\/\/aikidowaza.com\/en\/privacy-policy\/\" target=\"_blank\">privacy policy<\/a> <span class=\"detalle\">*<\/span><\/span><\/label><\/span><\/span><\/span><\/label><\/p>\n<p><span class=\"detalle\">*<\/span> Required fields<\/p>\n<p><input type=\"submit\" value=\"Submit\" class=\"wpcf7-form-control has-spinner wpcf7-submit\" \/><\/p>\n<p class=\"text-legal\">Data controller: Yub\u00e9n Fern\u00e1ndez Gonz\u00e1lez Purpose: To provide access to online products, manage information and commercial mailings. Legitimation: your consent. Recipients: your data is hosted on Mailchimp with The Rocket Science Group LLC, hosted in the US and subscribed to EU PrivacyShield. You can exercise your rights of access, rectification, limitation or delete your data by sending an email to info@aikidowaza.com.<\/p>\n<div class=\"wpcf7-response-output\" aria-hidden=\"true\"><\/div><\/form><\/div><\/div>\n","protected":false},"excerpt":{"rendered":"<p>What is aikidowaza.com? This website has been created with the main objective of disseminating the art of Aikido that we&#8230;  <a class=\"excerpt-read-more\" href=\"https:\/\/aikidowaza.com\/en\/frequently-asked-questions\/\" title=\"Read Frequently asked questions\">Read more &raquo;<\/a><\/p>\n","protected":false},"author":1,"featured_media":0,"parent":0,"menu_order":0,"comment_status":"closed","ping_status":"closed","template":"","meta":[],"acf":[],"yoast_head":"<!-- This site is optimized with the Yoast SEO plugin v17.6 - https:\/\/yoast.com\/wordpress\/plugins\/seo\/ -->\n<meta name=\"robots\" content=\"index, follow, max-snippet:-1, max-image-preview:large, max-video-preview:-1\" \/>\n<link rel=\"canonical\" href=\"https:\/\/aikidowaza.com\/en\/frequently-asked-questions\/\" \/>\n<meta property=\"og:locale\" content=\"en_GB\" \/>\n<meta property=\"og:type\" content=\"article\" \/>\n<meta property=\"og:title\" content=\"Frequently asked questions - AIKIDOWAZA\" \/>\n<meta property=\"og:description\" content=\"What is aikidowaza.com? This website has been created with the main objective of disseminating the art of Aikido that we... Read more &raquo;\" \/>\n<meta property=\"og:url\" content=\"https:\/\/aikidowaza.com\/en\/frequently-asked-questions\/\" \/>\n<meta property=\"og:site_name\" content=\"AIKIDOWAZA\" \/>\n<meta property=\"article:modified_time\" content=\"2021-02-23T13:18:56+00:00\" \/>\n<meta name=\"twitter:card\" content=\"summary_large_image\" \/>\n<meta name=\"twitter:label1\" content=\"Estimated reading time\" \/>\n\t<meta name=\"twitter:data1\" content=\"2 minutes\" \/>\n<script type=\"application\/ld+json\" class=\"yoast-schema-graph\">{\"@context\":\"https:\/\/schema.org\",\"@graph\":[{\"@type\":\"WebSite\",\"@id\":\"https:\/\/aikidowaza.com\/en\/#website\",\"url\":\"https:\/\/aikidowaza.com\/en\/\",\"name\":\"AIKIDOWAZA\",\"description\":\"\",\"potentialAction\":[{\"@type\":\"SearchAction\",\"target\":{\"@type\":\"EntryPoint\",\"urlTemplate\":\"https:\/\/aikidowaza.com\/en\/?s={search_term_string}\"},\"query-input\":\"required name=search_term_string\"}],\"inLanguage\":\"en-GB\"},{\"@type\":\"WebPage\",\"@id\":\"https:\/\/aikidowaza.com\/en\/frequently-asked-questions\/#webpage\",\"url\":\"https:\/\/aikidowaza.com\/en\/frequently-asked-questions\/\",\"name\":\"Frequently asked questions - AIKIDOWAZA\",\"isPartOf\":{\"@id\":\"https:\/\/aikidowaza.com\/en\/#website\"},\"datePublished\":\"2019-06-11T16:16:31+00:00\",\"dateModified\":\"2021-02-23T13:18:56+00:00\",\"breadcrumb\":{\"@id\":\"https:\/\/aikidowaza.com\/en\/frequently-asked-questions\/#breadcrumb\"},\"inLanguage\":\"en-GB\",\"potentialAction\":[{\"@type\":\"ReadAction\",\"target\":[\"https:\/\/aikidowaza.com\/en\/frequently-asked-questions\/\"]}]},{\"@type\":\"BreadcrumbList\",\"@id\":\"https:\/\/aikidowaza.com\/en\/frequently-asked-questions\/#breadcrumb\",\"itemListElement\":[{\"@type\":\"ListItem\",\"position\":1,\"name\":\"Portada\",\"item\":\"https:\/\/aikidowaza.com\/en\/\"},{\"@type\":\"ListItem\",\"position\":2,\"name\":\"Frequently asked questions\"}]}]}<\/script>\n<!-- \/ Yoast SEO plugin. -->","yoast_head_json":{"robots":{"index":"index","follow":"follow","max-snippet":"max-snippet:-1","max-image-preview":"max-image-preview:large","max-video-preview":"max-video-preview:-1"},"canonical":"https:\/\/aikidowaza.com\/en\/frequently-asked-questions\/","og_locale":"en_GB","og_type":"article","og_title":"Frequently asked questions - AIKIDOWAZA","og_description":"What is aikidowaza.com? This website has been created with the main objective of disseminating the art of Aikido that we... Read more &raquo;","og_url":"https:\/\/aikidowaza.com\/en\/frequently-asked-questions\/","og_site_name":"AIKIDOWAZA","article_modified_time":"2021-02-23T13:18:56+00:00","twitter_card":"summary_large_image","twitter_misc":{"Estimated reading time":"2 minutes"},"schema":{"@context":"https:\/\/schema.org","@graph":[{"@type":"WebSite","@id":"https:\/\/aikidowaza.com\/en\/#website","url":"https:\/\/aikidowaza.com\/en\/","name":"AIKIDOWAZA","description":"","potentialAction":[{"@type":"SearchAction","target":{"@type":"EntryPoint","urlTemplate":"https:\/\/aikidowaza.com\/en\/?s={search_term_string}"},"query-input":"required name=search_term_string"}],"inLanguage":"en-GB"},{"@type":"WebPage","@id":"https:\/\/aikidowaza.com\/en\/frequently-asked-questions\/#webpage","url":"https:\/\/aikidowaza.com\/en\/frequently-asked-questions\/","name":"Frequently asked questions - AIKIDOWAZA","isPartOf":{"@id":"https:\/\/aikidowaza.com\/en\/#website"},"datePublished":"2019-06-11T16:16:31+00:00","dateModified":"2021-02-23T13:18:56+00:00","breadcrumb":{"@id":"https:\/\/aikidowaza.com\/en\/frequently-asked-questions\/#breadcrumb"},"inLanguage":"en-GB","potentialAction":[{"@type":"ReadAction","target":["https:\/\/aikidowaza.com\/en\/frequently-asked-questions\/"]}]},{"@type":"BreadcrumbList","@id":"https:\/\/aikidowaza.com\/en\/frequently-asked-questions\/#breadcrumb","itemListElement":[{"@type":"ListItem","position":1,"name":"Portada","item":"https:\/\/aikidowaza.com\/en\/"},{"@type":"ListItem","position":2,"name":"Frequently asked questions"}]}]}},"_links":{"self":[{"href":"https:\/\/aikidowaza.com\/en\/wp-json\/wp\/v2\/pages\/76"}],"collection":[{"href":"https:\/\/aikidowaza.com\/en\/wp-json\/wp\/v2\/pages"}],"about":[{"href":"https:\/\/aikidowaza.com\/en\/wp-json\/wp\/v2\/types\/page"}],"author":[{"embeddable":true,"href":"https:\/\/aikidowaza.com\/en\/wp-json\/wp\/v2\/users\/1"}],"replies":[{"embeddable":true,"href":"https:\/\/aikidowaza.com\/en\/wp-json\/wp\/v2\/comments?post=76"}],"version-history":[{"count":8,"href":"https:\/\/aikidowaza.com\/en\/wp-json\/wp\/v2\/pages\/76\/revisions"}],"predecessor-version":[{"id":767,"href":"https:\/\/aikidowaza.com\/en\/wp-json\/wp\/v2\/pages\/76\/revisions\/767"}],"wp:attachment":[{"href":"https:\/\/aikidowaza.com\/en\/wp-json\/wp\/v2\/media?parent=76"}],"curies":[{"name":"wp","href":"https:\/\/api.w.org\/{rel}","templated":true}]}}