{"id":31,"date":"2019-06-11T12:42:28","date_gmt":"2019-06-11T12:42:28","guid":{"rendered":"https:\/\/aikidowaza.com\/fr\/?page_id=31"},"modified":"2019-07-19T14:15:57","modified_gmt":"2019-07-19T14:15:57","slug":"avertissement-legal","status":"publish","type":"page","link":"https:\/\/aikidowaza.com\/fr\/avertissement-legal\/","title":{"rendered":"Avertissement l\u00e9gal"},"content":{"rendered":"<ol>\n<li><strong>IDENTIFICATION DU RESPONSABLE DU SITE WEB<\/strong><\/li>\n<\/ol>\n<p>En vertu de la Loi 15\/1999, du 13 d\u00e9cembre, sur la Protection des donn\u00e9es personnelles, et conform\u00e9ment aux dispositions pr\u00e9vues par la Loi 34\/2002, du 11 juillet, de Services de la Soci\u00e9t\u00e9 de l\u2019information et du Commerce Electronique, nous te faisons savoir que les donn\u00e9es personnelles qui peuvent appara\u00eetre dans cette communication, seront incorpor\u00e9es \u00e0 un fichier sous la responsabilit\u00e9 de <strong>YUB\u00c9N FERN\u00c1NDEZ GONZ\u00c1LEZ\u00a0<\/strong>(ci-apr\u00e8s d\u00e9nomm\u00e9\u00a0<strong>AIKIDO WAZA<\/strong>) dont le si\u00e8ge social est situ\u00e9;\u00a0<strong>Calle Las Palmeras n\u00ba 13, 10470 Villanueva de la Vera (C\u00c1CERES)<\/strong>, et dont le num\u00e9ro d\u2019identit\u00e9 est\u00a0<strong>N.I.F<\/strong><strong>:\u00a076122414G<\/strong>. L\u2019objectif de ce site web est la g\u00e9n\u00e9ration de contenu informatif \u00e0 disposition des utilisateurs afin de cr\u00e9er des canaux d\u2019information, d\u2019opinions et de collaboration.<\/p>\n<p>Tu peux \u00e9galement nous contacter en nous envoyant un courrier \u00e9lectronique \u00e0 <strong>info@aikidowaza.com<\/strong>, ou en nous appelant au <strong>+34 652 469\u00a0091.<\/strong><\/p>\n<ol start=\"2\">\n<li><strong>OBJET<\/strong><\/li>\n<\/ol>\n<p>Le pr\u00e9sent <strong>AVERTISSEMENT LEGAL<\/strong> r\u00e9gule les droits et obligations d\u2019<strong>AIKIDO WAZA<\/strong> et des utilisateurs, en ce qui concerne l\u2019acc\u00e8s, la navigation et l\u2019utilisation du site web dont il est titulaire, sans pr\u00e9judice qu\u2019<strong>AIKIDO WAZA<\/strong> se r\u00e9serve le droit de modifier, sans avertissement pr\u00e9alable, son contenu, \u00e9tant en vigueur ce qui est publi\u00e9 au moment de la navigation.<\/p>\n<p>La navigation, visualisation et utilisation de ce site web t\u2019attribue la condition d\u2019utilisateur, et par l\u00e0 m\u00eame implique de ta part une acceptation tacite de toutes les clauses d\u00e9crites dans le pr\u00e9sent Avertissement L\u00e9gal, tout comme dans le reste des avertissements et clauses sp\u00e9cifiques \u00e9tablies dans les diff\u00e9rentes sections en ce qui concerne l\u2019engagement, l\u2019usage de services, les produits, les inscriptions ou les sections de la page web.<\/p>\n<p>En cas de non acceptation des clauses \u00e9tablies dans le pr\u00e9sent Avertissement L\u00e9gal, tu devras t\u2019abstenir d\u2019acc\u00e9der et\/ou utiliser les services et\/ou les contenus mis \u00e0 ta disposition sur la page web, et par l\u00e0 m\u00eame l\u2019abandonner.<\/p>\n<p><strong>AIKIDO WAZA<\/strong> pourra mettre fin, suspendre ou interrompre, \u00e0 tout moment et sans besoin d\u2019avertissement pr\u00e9alable, l\u2019acc\u00e8s aux contenus de la page web, sans possibilit\u00e9 de la part de l\u2019utilisateur d\u2019exiger une indemnit\u00e9 quelconque.<\/p>\n<ol start=\"3\">\n<li><strong>ACCES AU SITE WEB<\/strong><\/li>\n<\/ol>\n<p>En tant qu\u2019utilisateur de notre site web tu t\u2019engages \u00e0 ne pas utiliser la page web pour la r\u00e9alisation d\u2019activit\u00e9s contraires \u00e0 la loi, \u00e0 la morale, \u00e0 l\u2019ordre public, et, plus g\u00e9n\u00e9ralement, \u00e0 en faire un usage conforme aux conditions \u00e9tablies dans le pr\u00e9sent Avertissement L\u00e9gal. Ainsi, tu t\u2019engages \u00e0 ne pas r\u00e9aliser des activit\u00e9s publicitaires ou d\u2019exploitation commerciale en transmettant des messages sous couvert d\u2019une fausse identit\u00e9.<\/p>\n<p><strong>AIKIDO WAZA <\/strong>agit exclusivement comme responsable de la page web en tant que prestataire d\u2019un service d\u2019information et de livraison de contenus, \u00e0 la fois concernant ses propres services et les services d\u2019un tiers avec lequel sont convenus des accords, sans \u00eatre responsable des contenus que les utilisateurs pourraient envoyer ou publier en d\u00e9pit des pr\u00e9sentes conditions, l\u2019utilisateur \u00e9tant l\u2019unique responsable de la v\u00e9racit\u00e9 et lic\u00e9it\u00e9 de ces contenus.<\/p>\n<p><strong>AIKIDO WAZA<\/strong> pourra interrompre le service de la page web utilis\u00e9 par l\u2019utilisateur et rompre imm\u00e9diatement la relation avec ce dernier dans le cas o\u00f9 est d\u00e9tect\u00e9 un usage de la page web, ou des services qui y sont propos\u00e9s, consid\u00e9r\u00e9 contraire \u00e0 ce qui est exprim\u00e9 dans le pr\u00e9sent Avertissement L\u00e9gal.<\/p>\n<p>Le contenu des services offerts et son usage est limit\u00e9 \u00e0 des utilisateurs majeurs. <strong>AIKIDO WAZA<\/strong> rappelle \u00e0 ses utilisateurs majeurs, et ayant \u00e0 leur charge des personnes mineures, qu\u2019il sera de leur seule responsabilit\u00e9 de d\u00e9terminer quels services et\/ou contenus ne sont pas appropri\u00e9s \u00e9tant donn\u00e9 l\u2019\u00e2ge de ces derniers. En cas d\u2019acc\u00e8s et enregistrement de la part d\u2019un mineur, il sera pr\u00e9sum\u00e9 que cet acc\u00e8s a \u00e9t\u00e9 pr\u00e9alablement et express\u00e9ment autoris\u00e9 par ses parents, tuteurs ou repr\u00e9sentants l\u00e9gaux, <strong>AIKIDO WAZA<\/strong> se r\u00e9serve le droit de r\u00e9aliser certaines v\u00e9rifications jug\u00e9es opportunes dans ce cas.<\/p>\n<p><strong>AIKIDO WAZA<\/strong> t\u2019informe qu\u2019il existe des programmes informatiques qui permettent de filtrer et bloquer l\u2019acc\u00e8s \u00e0 certains contenus et services, de telle mani\u00e8re que les parents et tuteurs puissent d\u00e9cider, par exemple, quels sont les contenus et services d\u2019Internet auxquels les mineurs peuvent avoir acc\u00e8s, ou non.<\/p>\n<p>En aucun cas <strong>AIKIDO WAZA<\/strong> ne prendra la responsabilit\u00e9 de la v\u00e9racit\u00e9 des donn\u00e9es fournies par les utilisateurs, ces derniers \u00e9tant seuls responsables de faciliter \u00e0 <strong>AIKIDO WAZA<\/strong> une information ad\u00e9quate, exacte, actualis\u00e9e et pr\u00e9cise, et dans le cas contraire de faire face aux cons\u00e9quences possibles d\u00e9coulant du manque de qualit\u00e9 et de v\u00e9racit\u00e9 des donn\u00e9es.<\/p>\n<ol start=\"4\">\n<li><strong>DROITS DE PROPRIETE INTELLECTUELLE ET INDUSTRIELLE<\/strong><\/li>\n<\/ol>\n<p>L\u2019ensemble de cette page web: texte, images, marques, graphiques, logotypes, boutons, documents logiciel, combinaisons de couleurs, et aussi la structure, s\u00e9lection, am\u00e9nagement et pr\u00e9sentation des contenus, est prot\u00e9g\u00e9 par les lois sur la Propri\u00e9t\u00e9 Intellectuelle et Industrielle, interdisant sa reproduction, distribution, communication publique et transformation, sauf pour un usage personnel et priv\u00e9.<\/p>\n<p>Ainsi, la reproduction, retransmission, copie, cession ou rediffusion, totale ou partielle, de l\u2019information contenue sur la page web, quelle que soit sa fin ou le moyen utilis\u00e9 pour ce faire, est interdite sans autorisation pr\u00e9alable de la part d\u2019<strong>AIKIDO WAZA<\/strong>.<\/p>\n<p>En aucun cas l\u2019acc\u00e8s, navigation et utilisation du site web de la part de l\u2019utilisateur ou l\u2019utilisation des services qui y sont propos\u00e9s implique une renonciation, transmission, licence ou cession totale ou partielle des ses droits de la part d\u2019<strong>AIKIDO WAZA<\/strong> en faveur de l\u2019utilisateur. L\u2019utilisateur disposera seulement d\u2019un droit d\u2019usage des contenus du site web dans le domaine priv\u00e9, avec la finalit\u00e9 de profiter des prestations de service en accord avec les pr\u00e9sentes conditions.<\/p>\n<p>Les r\u00e9f\u00e9rences \u00e0 des marques ou des noms commerciaux enregistr\u00e9s, ou autres signes distinctifs, qu\u2019ils appartiennent au prestataire ou \u00e0 des entreprises tierces, impliquent l\u2019interdiction de leur utilisation sans le consentement expr\u00e8s et par \u00e9crit d\u2019<strong>AIKIDO WAZA<\/strong>, ou de ses titulaires l\u00e9gitimes.<\/p>\n<p>De la m\u00eame mani\u00e8re, dans le cas o\u00f9 un utilisateur ou un tiers consid\u00e8re que l\u2019un des contenus du site web appartenant \u00e0 <strong>AIKIDO WAZA<\/strong> porte atteinte \u00e0 ses droits de propri\u00e9t\u00e9 intellectuelle et\/ou industrielle, ou \u00e0 tout autre droit, il devra adresser une communication par <strong>COURRIER ELECTRONIQUE.<\/strong><\/p>\n<ol start=\"5\">\n<li><strong>CONDITIONS APPLICABLES AUX LIENS<\/strong><\/li>\n<\/ol>\n<p>Notre page, en plus de liens sur les produits, peut inclure des liens vers des sites tiers dont les pages ou liens n\u2019ont pas \u00e9t\u00e9 r\u00e9vis\u00e9s ni ne sont contr\u00f4l\u00e9s par <strong>AIKIDO WAZA<\/strong>, \u00e9tant ainsi entendu que <strong>AIKIDO WAZA<\/strong> ne pourra \u00eatre consid\u00e9r\u00e9 responsable des contenus de ces sites web, ni des mesures adopt\u00e9es relativement \u00e0 sa confidentialit\u00e9 ou au traitement de ses donn\u00e9es personnelles ou autres donn\u00e9es qui en sont issues.<\/p>\n<p><strong>AIKIDO WAZA<\/strong> recommande la lecture attentive de la part de l\u2019utilisateur des conditions d\u2019usage, politique de confidentialit\u00e9, avertissements l\u00e9gaux et\/ou documents \u00e9quivalents sur ces sites.<\/p>\n<p>En cas d\u2019int\u00e9r\u00eat \u00e0 activer un lien vers l\u2019une des pages d\u2019<strong>AIKIDO WAZA<\/strong>, il est n\u00e9cessaire de le communiquer et d\u2019obtenir le consentement expr\u00e8s pour cr\u00e9er le lien. <strong>AIKIDO WAZA<\/strong> se r\u00e9serve le droit de s\u2019opposer \u00e0 l\u2019activation de liens avec son site web.<\/p>\n<ol start=\"6\">\n<li><strong>RESPONSABILITES<\/strong><\/li>\n<\/ol>\n<p><strong>AIKIDO WAZA<\/strong> met \u00e0 disposition des utilisateurs une collecte d\u2019information d\u2019int\u00e9r\u00eat g\u00e9n\u00e9ral obtenue gr\u00e2ce au R\u00e9seau ou via d\u2019autres sources, avec pour objectif la diffusion de connaissances sp\u00e9cifiques, utiles pour les besoins des utilisateurs dans la mati\u00e8re sp\u00e9cifique dont il est question, s\u2019il est entendu que l\u2019objectif poursuivi sur ce site web est le maintien et la collecte d\u2019informations d\u2019int\u00e9r\u00eat pour les utilisateurs, en relation avec la th\u00e9matique du site web.<\/p>\n<p><strong>AIKIDO WAZA<\/strong> ne garantit pas l\u2019exactitude et la v\u00e9racit\u00e9 des donn\u00e9es publi\u00e9es, puisque ces contenus ne doivent pas n\u00e9cessairement \u00eatre v\u00e9rifi\u00e9s par <strong>AIKIDO WAZA<\/strong>.<\/p>\n<p><strong>AIKIDO WAZA<\/strong> n\u2019agit en aucune fa\u00e7on comme un canal de consultation sur les mati\u00e8res expos\u00e9es sur la pr\u00e9sente page web, elle ne fait pas de recommandations, ne garantit pas la fiabilit\u00e9, l\u2019utilit\u00e9 ou la v\u00e9racit\u00e9 d\u2019absolument toute l\u2019information et des contenus qui y sont publi\u00e9s\u00a0; elle n\u2019est pas non plus responsable de l\u2019utilit\u00e9 de cette information pour l\u2019utilisateur, \u00e9tant donn\u00e9 que la fonction de <strong>AIKIDO WAZA<\/strong> se limite \u00e0 g\u00e9n\u00e9rer du contenu informatif mis \u00e0 disposition des utilisateurs pour cr\u00e9er des canaux d\u2019information, d\u2019opinions et de collaboration.<\/p>\n<p><strong>AIKIDO WAZA<\/strong> ne garantit pas que les contenus soient pr\u00e9cis ou exempts d\u2019erreur ou que leur libre usage n\u2019enfreigne pas les droits de tierces personnes. Le bon ou le mauvais usage de cette page et de ses contenus se trouve sous la responsabilit\u00e9 de l\u2019utilisateur.<\/p>\n<p><strong>Indistinctement, AIKIDO WAZA ne sera pas responsable ni directement ni de mani\u00e8re subsidiaire de\u00a0:<\/strong><\/p>\n<ol>\n<li>La qualit\u00e9 du service, la rapidit\u00e9 d\u2019acc\u00e8s, le fonctionnement correct et la disponibilit\u00e9 et continuit\u00e9 de fonctionnement de la page web.<\/li>\n<li>Les dommages qui pourraient \u00eatre caus\u00e9s sur l\u2019\u00e9quipement de l\u2019utilisateur \u00e0 cause de l\u2019utilisation de la page web.<\/li>\n<li>Des cas ou un tiers, en passant outre les mesures de s\u00e9curit\u00e9 \u00e9tablies, acc\u00e8de aux messages ou les utilise pour la transmission de virus informatiques.<\/li>\n<li>Des vices et d\u00e9fauts de tous types concernant les contenus transmis, diffus\u00e9s, stock\u00e9s ou mis \u00e0 disposition.<\/li>\n<li>La lic\u00e9it\u00e9, fiabilit\u00e9 et utilit\u00e9 des contenus que les utilisateurs transmettent en utilisant la page web ou les services qui y sont propos\u00e9s, tout comme leur v\u00e9racit\u00e9 ou exactitude.\u00a0<strong>AIKIDO WAZA\u00a0<\/strong>ne contr\u00f4le pas l\u2019usage que les utilisateurs peuvent faire de la page, ni ne garantit que celui-ci soit conforme \u00e0 ce qui est \u00e9tabli dans le pr\u00e9sent Avertissement L\u00e9gal.<\/li>\n<\/ol>\n<p><strong>A titre indicatif et de mani\u00e8re non exhaustive, l\u2019utilisateur sera responsable de:<\/strong><\/p>\n<p>Des contenus qu\u2019il introduit lui-m\u00eame, sp\u00e9cialement les donn\u00e9es et informations introduites et envoy\u00e9es \u00e0 <strong>AIKIDO WAZA<\/strong> par l\u2019interm\u00e9diaire de la page web ou sur la page web.<\/p>\n<p>De la r\u00e9alisation de tout type d\u2019action sur les pages de tiers, ou sur celle-ci.<\/p>\n<p>Le non respect de chacune des obligations ant\u00e9rieures de la part de l\u2019utilisateur pourra conduire \u00e0 l\u2019adoption des mesures adapt\u00e9es pr\u00e9vues par le Droit, et dans l\u2019exercice de ses droits et obligations, ce qui peut amener <strong>AIKIDO WAZA<\/strong> \u00e0 l\u2019\u00e9limination ou le blocage du compte de l\u2019utilisateur en infraction, en excluant la possibilit\u00e9 d\u2019une indemnisation quelconque pour les dommages et pr\u00e9judices caus\u00e9s.<\/p>\n<ol start=\"7\">\n<li><strong> PROTECTION DES DONNEES<\/strong><\/li>\n<\/ol>\n<p>En conformit\u00e9 avec la disposition de la Loi Organique 15\/1999, du 13 d\u00e9cembre, de Protection des Donn\u00e9es Personnelles, toutes les donn\u00e9es personnelles fournies durant l\u2019utilisation de notre page web seront trait\u00e9es en conformit\u00e9 avec les dispositions de la <a href=\"https:\/\/aikidowaza.com\/fr\/politique-de-confidentialite\/\">Politique de Confidentialit\u00e9<\/a> que tout utilisateur doit accepter express\u00e9ment avant de fournir ses donn\u00e9es personnelles \u00e0 travers les diff\u00e9rents formulaires mis \u00e0 disposition dans les sections diverses de notre page.<\/p>\n<ol start=\"8\">\n<li><strong>POLITIQUE DE COOKIES<\/strong><\/li>\n<\/ol>\n<p>En conformit\u00e9 avec les dispositions pr\u00e9vues par la l\u00e9gislation en vigueur concernant l\u2019usage de cookies, ceux-ci seront utilis\u00e9s en conformit\u00e9 avec les dispositions pr\u00e9vues dans la rubrique d\u00e9nomm\u00e9e <a href=\"https:\/\/aikidowaza.com\/fr\/politique-de-cookies\/\">Politique de Cookies<\/a><strong>, <\/strong>que tout utilisateur doit lire, accepter et\/ou restreindre durant la navigation, comme en informe express\u00e9ment la banni\u00e8re sur les cookies de notre site web et l\u2019information additionnelle qui est donn\u00e9e sur leur usage. L\u2019utilisateur peut restreindre le t\u00e9l\u00e9chargement de COOKIES depuis les options du navigateur.<\/p>\n<ol start=\"9\">\n<li><strong>LEGISLATION APPLICABLE ET JURIDICTION COMPETENTE<\/strong><\/li>\n<\/ol>\n<p>Le pr\u00e9sent Avertissement L\u00e9gal est r\u00e9dig\u00e9 en fran\u00e7ais mais est soumis \u00e0 la l\u00e9gislation espagnole en vigueur, qui sera appliqu\u00e9e en mati\u00e8re d\u2019interpr\u00e9tation, validation ou ex\u00e9cution non pr\u00e9vues dans le pr\u00e9sent texte. <strong>AIKIDO WAZA<\/strong> et l\u2019utilisateur se soumettent, en renon\u00e7ant express\u00e9ment \u00e0 toute autre juridiction, aux Tribunaux du domicile de l\u2019utilisateur pour toute controverse qui pourrait subvenir. Au cas o\u00f9 l\u2019utilisateur vit en dehors d\u2019Espagne, <strong>AIKIDO WAZA<\/strong> et l\u2019utilisateur se soumettent, en renon\u00e7ant express\u00e9ment \u00e0 toute autre juridiction, aux Tribunaux de C\u00e1ceres, en Espagne.<\/p>\n","protected":false},"excerpt":{"rendered":"<p>IDENTIFICATION DU RESPONSABLE DU SITE WEB En vertu de la Loi 15\/1999, du 13 d\u00e9cembre, sur la Protection des donn\u00e9es&#8230;  <a class=\"excerpt-read-more\" href=\"https:\/\/aikidowaza.com\/fr\/avertissement-legal\/\" title=\"Read Avertissement l\u00e9gal\">Lire la suite &raquo;<\/a><\/p>\n","protected":false},"author":1,"featured_media":0,"parent":0,"menu_order":0,"comment_status":"closed","ping_status":"closed","template":"","meta":[],"acf":[],"yoast_head":"<!-- This site is optimized with the Yoast SEO plugin v17.6 - https:\/\/yoast.com\/wordpress\/plugins\/seo\/ -->\n<meta name=\"robots\" content=\"noindex, follow\" \/>\n<meta property=\"og:locale\" content=\"fr_FR\" \/>\n<meta property=\"og:type\" content=\"article\" \/>\n<meta property=\"og:title\" content=\"Avertissement l\u00e9gal - AIKIDOWAZA\" \/>\n<meta property=\"og:description\" content=\"IDENTIFICATION DU RESPONSABLE DU SITE WEB En vertu de la Loi 15\/1999, du 13 d\u00e9cembre, sur la Protection des donn\u00e9es... Lire la suite &raquo;\" \/>\n<meta property=\"og:url\" content=\"https:\/\/aikidowaza.com\/fr\/avertissement-legal\/\" \/>\n<meta property=\"og:site_name\" content=\"AIKIDOWAZA\" \/>\n<meta property=\"article:modified_time\" content=\"2019-07-19T14:15:57+00:00\" \/>\n<meta name=\"twitter:card\" content=\"summary_large_image\" \/>\n<meta name=\"twitter:label1\" content=\"Dur\u00e9e de lecture estim\u00e9e\" \/>\n\t<meta name=\"twitter:data1\" content=\"11 minutes\" \/>\n<script type=\"application\/ld+json\" class=\"yoast-schema-graph\">{\"@context\":\"https:\/\/schema.org\",\"@graph\":[{\"@type\":\"WebSite\",\"@id\":\"https:\/\/aikidowaza.com\/fr\/#website\",\"url\":\"https:\/\/aikidowaza.com\/fr\/\",\"name\":\"AIKIDOWAZA\",\"description\":\"\",\"potentialAction\":[{\"@type\":\"SearchAction\",\"target\":{\"@type\":\"EntryPoint\",\"urlTemplate\":\"https:\/\/aikidowaza.com\/fr\/?s={search_term_string}\"},\"query-input\":\"required name=search_term_string\"}],\"inLanguage\":\"fr-FR\"},{\"@type\":\"WebPage\",\"@id\":\"https:\/\/aikidowaza.com\/fr\/avertissement-legal\/#webpage\",\"url\":\"https:\/\/aikidowaza.com\/fr\/avertissement-legal\/\",\"name\":\"Avertissement l\\u00e9gal - AIKIDOWAZA\",\"isPartOf\":{\"@id\":\"https:\/\/aikidowaza.com\/fr\/#website\"},\"datePublished\":\"2019-06-11T12:42:28+00:00\",\"dateModified\":\"2019-07-19T14:15:57+00:00\",\"breadcrumb\":{\"@id\":\"https:\/\/aikidowaza.com\/fr\/avertissement-legal\/#breadcrumb\"},\"inLanguage\":\"fr-FR\",\"potentialAction\":[{\"@type\":\"ReadAction\",\"target\":[\"https:\/\/aikidowaza.com\/fr\/avertissement-legal\/\"]}]},{\"@type\":\"BreadcrumbList\",\"@id\":\"https:\/\/aikidowaza.com\/fr\/avertissement-legal\/#breadcrumb\",\"itemListElement\":[{\"@type\":\"ListItem\",\"position\":1,\"name\":\"Portada\",\"item\":\"https:\/\/aikidowaza.com\/fr\/\"},{\"@type\":\"ListItem\",\"position\":2,\"name\":\"Avertissement l\\u00e9gal\"}]}]}<\/script>\n<!-- \/ Yoast SEO plugin. -->","yoast_head_json":{"robots":{"index":"noindex","follow":"follow"},"og_locale":"fr_FR","og_type":"article","og_title":"Avertissement l\u00e9gal - AIKIDOWAZA","og_description":"IDENTIFICATION DU RESPONSABLE DU SITE WEB En vertu de la Loi 15\/1999, du 13 d\u00e9cembre, sur la Protection des donn\u00e9es... Lire la suite &raquo;","og_url":"https:\/\/aikidowaza.com\/fr\/avertissement-legal\/","og_site_name":"AIKIDOWAZA","article_modified_time":"2019-07-19T14:15:57+00:00","twitter_card":"summary_large_image","twitter_misc":{"Dur\u00e9e de lecture estim\u00e9e":"11 minutes"},"schema":{"@context":"https:\/\/schema.org","@graph":[{"@type":"WebSite","@id":"https:\/\/aikidowaza.com\/fr\/#website","url":"https:\/\/aikidowaza.com\/fr\/","name":"AIKIDOWAZA","description":"","potentialAction":[{"@type":"SearchAction","target":{"@type":"EntryPoint","urlTemplate":"https:\/\/aikidowaza.com\/fr\/?s={search_term_string}"},"query-input":"required name=search_term_string"}],"inLanguage":"fr-FR"},{"@type":"WebPage","@id":"https:\/\/aikidowaza.com\/fr\/avertissement-legal\/#webpage","url":"https:\/\/aikidowaza.com\/fr\/avertissement-legal\/","name":"Avertissement l\u00e9gal - AIKIDOWAZA","isPartOf":{"@id":"https:\/\/aikidowaza.com\/fr\/#website"},"datePublished":"2019-06-11T12:42:28+00:00","dateModified":"2019-07-19T14:15:57+00:00","breadcrumb":{"@id":"https:\/\/aikidowaza.com\/fr\/avertissement-legal\/#breadcrumb"},"inLanguage":"fr-FR","potentialAction":[{"@type":"ReadAction","target":["https:\/\/aikidowaza.com\/fr\/avertissement-legal\/"]}]},{"@type":"BreadcrumbList","@id":"https:\/\/aikidowaza.com\/fr\/avertissement-legal\/#breadcrumb","itemListElement":[{"@type":"ListItem","position":1,"name":"Portada","item":"https:\/\/aikidowaza.com\/fr\/"},{"@type":"ListItem","position":2,"name":"Avertissement l\u00e9gal"}]}]}},"_links":{"self":[{"href":"https:\/\/aikidowaza.com\/fr\/wp-json\/wp\/v2\/pages\/31"}],"collection":[{"href":"https:\/\/aikidowaza.com\/fr\/wp-json\/wp\/v2\/pages"}],"about":[{"href":"https:\/\/aikidowaza.com\/fr\/wp-json\/wp\/v2\/types\/page"}],"author":[{"embeddable":true,"href":"https:\/\/aikidowaza.com\/fr\/wp-json\/wp\/v2\/users\/1"}],"replies":[{"embeddable":true,"href":"https:\/\/aikidowaza.com\/fr\/wp-json\/wp\/v2\/comments?post=31"}],"version-history":[{"count":6,"href":"https:\/\/aikidowaza.com\/fr\/wp-json\/wp\/v2\/pages\/31\/revisions"}],"predecessor-version":[{"id":599,"href":"https:\/\/aikidowaza.com\/fr\/wp-json\/wp\/v2\/pages\/31\/revisions\/599"}],"wp:attachment":[{"href":"https:\/\/aikidowaza.com\/fr\/wp-json\/wp\/v2\/media?parent=31"}],"curies":[{"name":"wp","href":"https:\/\/api.w.org\/{rel}","templated":true}]}}