{"id":34,"date":"2019-06-11T12:50:52","date_gmt":"2019-06-11T12:50:52","guid":{"rendered":"https:\/\/aikidowaza.com\/fr\/?page_id=34"},"modified":"2019-06-11T14:39:21","modified_gmt":"2019-06-11T14:39:21","slug":"politique-de-cookies","status":"publish","type":"page","link":"https:\/\/aikidowaza.com\/fr\/politique-de-cookies\/","title":{"rendered":"Politique de cookies"},"content":{"rendered":"<ol>\n<li><strong>QU\u2019EST CE QU\u2019UN COOKIE?<\/strong><\/li>\n<\/ol>\n<p>Les cookies sont des petits fichiers texte qui s\u2019installent sur ton ordinateur, ton t\u00e9l\u00e9phone portable ou ta tablette et qui contiennent des informations sur ton activit\u00e9 sur cette page web.<\/p>\n<p>Cette information est utilis\u00e9e pour que tu n\u2019aies pas \u00e0 compl\u00e9ter ton nom d\u2019utilisateur et mot de passe \u00e0 chaque fois que tu entres sur une page web d\u00e9termin\u00e9e, ou encore pour promouvoir des produits sur lesquels tu as fait des recherches ant\u00e9rieures.<\/p>\n<ol start=\"2\">\n<li><strong>POURQUOI UTILISONS-NOUS DES COOKIES?<\/strong><\/li>\n<\/ol>\n<p>Les cookies nous aident \u00e0 am\u00e9liorer ton exp\u00e9rience de navigation et \u00e0 d\u00e9tecter des am\u00e9liorations pour notre site web.<\/p>\n<ol start=\"3\">\n<li><strong>QUELS TYPES DE COOKIES UTILISONS-NOUS ET A QUOI SERVENT-ILS?<\/strong><\/li>\n<\/ol>\n<ul>\n<li><strong>Des Cookies techniques<\/strong>: Ce sont ceux qui permettent \u00e0 l\u2019utilisateur une navigation sur la page web, plate-forme ou application et l\u2019utilisation de diff\u00e9rentes options ou services qui peuvent en faire partie, comme par exemple, le contr\u00f4le du trafic et la communication de donn\u00e9es, la connexion \u00e0 une session, l\u2019acc\u00e8s \u00e0 des zones \u00e0 acc\u00e8s restreints, le rappel des \u00e9l\u00e9ments qui constituent la commande, la r\u00e9alisation du processus de vente d\u2019une commande, la constitution d\u2019une demande d\u2019inscription ou de participation \u00e0 un \u00e9v\u00e8nement, l\u2019utilisation d\u2019\u00e9l\u00e9ments de s\u00e9curit\u00e9 pendant la navigation, le stockage de contenus pour la diffusion de vid\u00e9os ou de sons ou le partage de contenus sur les r\u00e9seaux sociaux.<\/li>\n<li><strong>Des Cookies de personnalisation<\/strong>: Ce sont ceux qui permettent \u00e0 l\u2019utilisateur d\u2019acc\u00e9der au service avec certaines caract\u00e9ristiques de caract\u00e8re g\u00e9n\u00e9ral pr\u00e9d\u00e9finies en fonction d\u2019une s\u00e9rie de crit\u00e8res sur le terminal de l\u2019utilisateur, comme par exemple en ce qui concerne la langue, le type de navigateur \u00e0 travers lequel il acc\u00e8de au service, la configuration r\u00e9gionale o\u00f9 il acc\u00e8de au service, etc.<\/li>\n<li><strong>Cookies d\u2019analyse<\/strong>: Ce sont ceux qui, trait\u00e9s par nous-m\u00eames ou des tiers, nous permettent de quantifier le nombre d\u2019utilisateurs et ainsi r\u00e9aliser une mesure et analyse statistique de l\u2019utilisation qui est faite par les utilisateurs du service propos\u00e9. Pour ce faire leur navigation sur notre page web est analys\u00e9e en vue d\u2019am\u00e9liorer l\u2019offre de produits ou services que nous leur offrons.<\/li>\n<li><strong>Cookies publicitaires<\/strong>: Ce sont ceux qui, trait\u00e9s par nous-m\u00eames ou par des tiers, nous permettent de g\u00e9rer de la forme la plus efficace possible l\u2019offre d\u2019espaces publicitaires pr\u00e9sents sur la page web, en mettant en ad\u00e9quation le contenu de la publicit\u00e9 au contenu du service demand\u00e9 ou \u00e0 l\u2019usage qui est fait de notre page web. Pour ce faire nous pouvons analyser tes habitudes de navigation sur Internet et afficher des publicit\u00e9s en relations avec ton profil de navigation.<\/li>\n<li><strong>Cookies de publicit\u00e9 comportemental<\/strong>e: Ce sont ceux qui permettent la gestion, de la forme la plus efficace possible, des espaces publicitaires, que l\u2019\u00e9diteur a dans ce cas inclus dans la page web, application ou plate-forme, depuis celle qui propose le service sollicit\u00e9. Ces cookies stockent de l\u2019information sur le comportement des utilisateurs, obtenue gr\u00e2ce \u00e0 l\u2019observation continue de leurs habitudes de navigation, ce qui permet de d\u00e9velopper un profil sp\u00e9cifique et de pouvoir afficher de la publicit\u00e9 en fonction des caract\u00e9ristiques de ce dernier.<\/li>\n<li><strong>Cookies de tiers<\/strong>: Cette page web peut utiliser des services de tiers qui, pour le compte de Google, rassemblent des informations \u00e0 des fins statistiques, sur l\u2019utilisation du site web par les utilisateurs et pour la prestation d\u2019autres services en relation avec l\u2019activit\u00e9 du site web et d\u2019autres services d\u2019internet.<\/li>\n<\/ul>\n<p>Ce site web en particulier utilise Google Analytics et Google Adsense, un service d\u2019analyse et de publicit\u00e9 web fourni par Google, Inc. domicili\u00e9 aux Etats-Unis avec un si\u00e8ge central au 1600 Amphitheatre Parkway, Mountain View, California 94043. \u00a0Pour la prestation de ces services, ces derniers utilisent des cookies qui rassemblent l\u2019information, y compris le num\u00e9ro IP de l\u2019utilisateur, qui sera transmis, trait\u00e9 et stock\u00e9 par Google selon les termes pr\u00e9vus sur la page Google.com. Cela inclut la potentielle transmission de ladite information \u00e0 des tiers pour des raisons d\u2019exigence l\u00e9gale ou quand lesdits tiers traitent l\u2019information pour le compte de Google.<\/p>\n<p>Aussi, chaque r\u00e9seau social (Facebook, Twitter, Pinterest, Instagram, etc.) utilise ses propres cookies pour que tu puisses cliquer sur les boutons du type \u00ab\u00a0J\u2019aime\u00a0\u00bb, \u00ab\u00a0Partager\u00a0\u00bb, \u00ab\u00a0Twitter\u00a0\u00bb ou \u00e9quivalents.<\/p>\n<ol start=\"4\">\n<li><strong>QUE SE PASSE-T-IL SI TU DESACTIVES LES COOKIES?<\/strong><\/li>\n<\/ol>\n<p>Si tu d\u00e9sactives les cookies il est possible que certains de nos services ne fonctionnent pas correctement.<\/p>\n<ol start=\"5\">\n<li><strong>CONSENTEMENT<\/strong><\/li>\n<\/ol>\n<p>Continuer la navigation sur ce site web implique le consentement et l\u2019acceptation de nos cookies.<\/p>\n<p>Pour revenir sur ce consentement, suis les instructions du paragraphe suivant.<\/p>\n<ol start=\"6\">\n<li><strong>COMMENT CHANGER LA CONFIGURATION OU DESACTIVER LES COOKIES?<\/strong><\/li>\n<\/ol>\n<p>Pour changer, bloquer ou \u00e9liminer les cookies, entre dans les options de configuration de ton navigateur et suis les instructions:<\/p>\n<ul>\n<li><strong>Internet Explorer:<\/strong> Outils -&gt; Options Internet -&gt; Confidentialit\u00e9 -&gt; Configuration<\/li>\n<\/ul>\n<p>Si tu veux plus d\u2019informations visite le <a href=\"https:\/\/support.microsoft.com\/fr-fr\/help\/17442\/windows-internet-explorer-delete-manage-cookies#ie=ie-11\" target=\"_blank\" rel=\"noopener noreferrer\">support Microsoft<\/a> ou la rubrique Aide du navigateur.<\/p>\n<ul>\n<li><strong>Firefox:<\/strong> Outils -&gt; Options -&gt; Confidentialit\u00e9 -&gt; Historique -&gt; Configuration Personnalis\u00e9e<\/li>\n<\/ul>\n<p>Si tu veux plus d\u2019informations visite le <a href=\"https:\/\/support.mozilla.org\/fr\/search?q=cookies\" target=\"_blank\" rel=\"noopener noreferrer\">support de Mozilla<\/a> ou la rubrique Aide du navigateur.<\/p>\n<ul>\n<li><strong>Chrome:<\/strong> Configuration -&gt; Montrer les options avanc\u00e9es -&gt; Confidentialit\u00e9 -&gt; Configuration de contenu.<\/li>\n<\/ul>\n<p>Si tu veux plus d\u2019informations visite le <a href=\"https:\/\/support.google.com\/chrome\/answer\/95647?hl=fr\" target=\"_blank\" rel=\"noopener noreferrer\">support de Google<\/a> ou la rubrique Aide du navigateur.<\/p>\n<ul>\n<li><strong>Safari:<\/strong> Pr\u00e9f\u00e9rences -&gt; S\u00e9curit\u00e9<\/li>\n<\/ul>\n<p>Si tu veux plus d\u2019informations visite le <a href=\"https:\/\/support.apple.com\/fr-fr\/HT201265\" target=\"_blank\" rel=\"noopener noreferrer\">support d\u2019Apple<\/a> ou la rubrique Aide du navigateur.<\/p>\n<p>Si tu n\u2019utilises aucun de ces navigateurs, s\u00e9lectionne dans ton navigateur l\u2019onglet \u201cAide\u201d et l\u2019option \u201cCookies\u201d pour obtenir des informations sur l\u2019emplacement du dossier de cookies.<\/p>\n<ol start=\"7\">\n<li><strong>ACTUALISATIONS ET CHANGEMENTS DANS NOTRE POLITIQUE DE COOKIES<\/strong><\/li>\n<\/ol>\n<p>Cette politique peut changer pour s\u2019adapter aux changements futurs sur la loi de Cookies <a href=\"http:\/\/www.boe.es\/boe\/dias\/2012\/03\/31\/pdfs\/BOE-A-2012-4442.pdf\" target=\"_blank\" rel=\"noopener noreferrer\">d\u00e9cret royal \u2013 loi 13\/2012<\/a>, pour cela nous te recommandons de revoir cette information r\u00e9guli\u00e8rement<\/p>\n<p>Si tu as des questions sur cette politique de cookies, tu peux nous contacter via \u00a0<strong>info@alocreativa.com<\/strong><strong>.<\/strong><\/p>\n","protected":false},"excerpt":{"rendered":"<p>QU\u2019EST CE QU\u2019UN COOKIE? Les cookies sont des petits fichiers texte qui s\u2019installent sur ton ordinateur, ton t\u00e9l\u00e9phone portable ou&#8230;  <a class=\"excerpt-read-more\" href=\"https:\/\/aikidowaza.com\/fr\/politique-de-cookies\/\" title=\"Read Politique de cookies\">Lire la suite &raquo;<\/a><\/p>\n","protected":false},"author":1,"featured_media":0,"parent":0,"menu_order":0,"comment_status":"closed","ping_status":"closed","template":"","meta":[],"acf":[],"yoast_head":"<!-- This site is optimized with the Yoast SEO plugin v17.6 - https:\/\/yoast.com\/wordpress\/plugins\/seo\/ -->\n<meta name=\"robots\" content=\"noindex, follow\" \/>\n<meta property=\"og:locale\" content=\"fr_FR\" \/>\n<meta property=\"og:type\" content=\"article\" \/>\n<meta property=\"og:title\" content=\"Politique de cookies - AIKIDOWAZA\" \/>\n<meta property=\"og:description\" content=\"QU\u2019EST CE QU\u2019UN COOKIE? Les cookies sont des petits fichiers texte qui s\u2019installent sur ton ordinateur, ton t\u00e9l\u00e9phone portable ou... Lire la suite &raquo;\" \/>\n<meta property=\"og:url\" content=\"https:\/\/aikidowaza.com\/fr\/politique-de-cookies\/\" \/>\n<meta property=\"og:site_name\" content=\"AIKIDOWAZA\" \/>\n<meta property=\"article:modified_time\" content=\"2019-06-11T14:39:21+00:00\" \/>\n<meta name=\"twitter:card\" content=\"summary_large_image\" \/>\n<meta name=\"twitter:label1\" content=\"Dur\u00e9e de lecture estim\u00e9e\" \/>\n\t<meta name=\"twitter:data1\" content=\"5 minutes\" \/>\n<script type=\"application\/ld+json\" class=\"yoast-schema-graph\">{\"@context\":\"https:\/\/schema.org\",\"@graph\":[{\"@type\":\"WebSite\",\"@id\":\"https:\/\/aikidowaza.com\/fr\/#website\",\"url\":\"https:\/\/aikidowaza.com\/fr\/\",\"name\":\"AIKIDOWAZA\",\"description\":\"\",\"potentialAction\":[{\"@type\":\"SearchAction\",\"target\":{\"@type\":\"EntryPoint\",\"urlTemplate\":\"https:\/\/aikidowaza.com\/fr\/?s={search_term_string}\"},\"query-input\":\"required name=search_term_string\"}],\"inLanguage\":\"fr-FR\"},{\"@type\":\"WebPage\",\"@id\":\"https:\/\/aikidowaza.com\/fr\/politique-de-cookies\/#webpage\",\"url\":\"https:\/\/aikidowaza.com\/fr\/politique-de-cookies\/\",\"name\":\"Politique de cookies - AIKIDOWAZA\",\"isPartOf\":{\"@id\":\"https:\/\/aikidowaza.com\/fr\/#website\"},\"datePublished\":\"2019-06-11T12:50:52+00:00\",\"dateModified\":\"2019-06-11T14:39:21+00:00\",\"breadcrumb\":{\"@id\":\"https:\/\/aikidowaza.com\/fr\/politique-de-cookies\/#breadcrumb\"},\"inLanguage\":\"fr-FR\",\"potentialAction\":[{\"@type\":\"ReadAction\",\"target\":[\"https:\/\/aikidowaza.com\/fr\/politique-de-cookies\/\"]}]},{\"@type\":\"BreadcrumbList\",\"@id\":\"https:\/\/aikidowaza.com\/fr\/politique-de-cookies\/#breadcrumb\",\"itemListElement\":[{\"@type\":\"ListItem\",\"position\":1,\"name\":\"Portada\",\"item\":\"https:\/\/aikidowaza.com\/fr\/\"},{\"@type\":\"ListItem\",\"position\":2,\"name\":\"Politique de cookies\"}]}]}<\/script>\n<!-- \/ Yoast SEO plugin. -->","yoast_head_json":{"robots":{"index":"noindex","follow":"follow"},"og_locale":"fr_FR","og_type":"article","og_title":"Politique de cookies - AIKIDOWAZA","og_description":"QU\u2019EST CE QU\u2019UN COOKIE? Les cookies sont des petits fichiers texte qui s\u2019installent sur ton ordinateur, ton t\u00e9l\u00e9phone portable ou... Lire la suite &raquo;","og_url":"https:\/\/aikidowaza.com\/fr\/politique-de-cookies\/","og_site_name":"AIKIDOWAZA","article_modified_time":"2019-06-11T14:39:21+00:00","twitter_card":"summary_large_image","twitter_misc":{"Dur\u00e9e de lecture estim\u00e9e":"5 minutes"},"schema":{"@context":"https:\/\/schema.org","@graph":[{"@type":"WebSite","@id":"https:\/\/aikidowaza.com\/fr\/#website","url":"https:\/\/aikidowaza.com\/fr\/","name":"AIKIDOWAZA","description":"","potentialAction":[{"@type":"SearchAction","target":{"@type":"EntryPoint","urlTemplate":"https:\/\/aikidowaza.com\/fr\/?s={search_term_string}"},"query-input":"required name=search_term_string"}],"inLanguage":"fr-FR"},{"@type":"WebPage","@id":"https:\/\/aikidowaza.com\/fr\/politique-de-cookies\/#webpage","url":"https:\/\/aikidowaza.com\/fr\/politique-de-cookies\/","name":"Politique de cookies - AIKIDOWAZA","isPartOf":{"@id":"https:\/\/aikidowaza.com\/fr\/#website"},"datePublished":"2019-06-11T12:50:52+00:00","dateModified":"2019-06-11T14:39:21+00:00","breadcrumb":{"@id":"https:\/\/aikidowaza.com\/fr\/politique-de-cookies\/#breadcrumb"},"inLanguage":"fr-FR","potentialAction":[{"@type":"ReadAction","target":["https:\/\/aikidowaza.com\/fr\/politique-de-cookies\/"]}]},{"@type":"BreadcrumbList","@id":"https:\/\/aikidowaza.com\/fr\/politique-de-cookies\/#breadcrumb","itemListElement":[{"@type":"ListItem","position":1,"name":"Portada","item":"https:\/\/aikidowaza.com\/fr\/"},{"@type":"ListItem","position":2,"name":"Politique de cookies"}]}]}},"_links":{"self":[{"href":"https:\/\/aikidowaza.com\/fr\/wp-json\/wp\/v2\/pages\/34"}],"collection":[{"href":"https:\/\/aikidowaza.com\/fr\/wp-json\/wp\/v2\/pages"}],"about":[{"href":"https:\/\/aikidowaza.com\/fr\/wp-json\/wp\/v2\/types\/page"}],"author":[{"embeddable":true,"href":"https:\/\/aikidowaza.com\/fr\/wp-json\/wp\/v2\/users\/1"}],"replies":[{"embeddable":true,"href":"https:\/\/aikidowaza.com\/fr\/wp-json\/wp\/v2\/comments?post=34"}],"version-history":[{"count":1,"href":"https:\/\/aikidowaza.com\/fr\/wp-json\/wp\/v2\/pages\/34\/revisions"}],"predecessor-version":[{"id":35,"href":"https:\/\/aikidowaza.com\/fr\/wp-json\/wp\/v2\/pages\/34\/revisions\/35"}],"wp:attachment":[{"href":"https:\/\/aikidowaza.com\/fr\/wp-json\/wp\/v2\/media?parent=34"}],"curies":[{"name":"wp","href":"https:\/\/api.w.org\/{rel}","templated":true}]}}