{"id":36,"date":"2019-06-11T12:55:57","date_gmt":"2019-06-11T12:55:57","guid":{"rendered":"https:\/\/aikidowaza.com\/fr\/?page_id=36"},"modified":"2019-07-19T14:06:14","modified_gmt":"2019-07-19T14:06:14","slug":"termes-et-conditions","status":"publish","type":"page","link":"https:\/\/aikidowaza.com\/fr\/termes-et-conditions\/","title":{"rendered":"Termes et conditions"},"content":{"rendered":"<p>A travers ces conditions l\u00e9gales, nous mettons \u00e0 disposition du consommateur l\u2019information pr\u00e9contractuelle \u00e0 laquelle se r\u00e9f\u00e8re l\u2019article 6 de la Directive 2011\/83.<\/p>\n<ol>\n<li><strong>IDENTIFICATION<\/strong><\/li>\n<\/ol>\n<p>Les biens vendus sur le site<strong> AIKIDOWAZA.COM<\/strong> sont des info-produits qui consistent en livres e-book, cours en ligne, biblioth\u00e8que en ligne et adh\u00e9sions. Tous les produits ne sont pas vendus directement, mais \u00e0 travers le site web tu trouveras le lien correspondant pour \u00eatre redirig\u00e9 vers les diff\u00e9rents sites de vente en ligne. Sur la page aikidowaza.com tu es en relation contractuelle avec <strong>YUB\u00c9N FERN\u00c1NDEZ GONZ\u00c1LEZ<\/strong>\u00a0(ci-apr\u00e8s d\u00e9nomm\u00e9 <strong>AIKIDO WAZA<\/strong>) dont le si\u00e8ge social est situ\u00e9; <strong>Calle Las Palmeras n\u00ba 13, 10470 Villanueva de la Vera (C\u00c1CERES)<\/strong><strong>, <\/strong>et dont le num\u00e9ro d\u2019identit\u00e9 est, <strong>N.I.F<\/strong><strong>:\u00a076122414G.<\/strong><\/p>\n<p>Tu peux \u00e9galement nous contacter en nous envoyant un courrier \u00e9lectronique \u00e0 <strong>info@aikidowaza.com<\/strong>, ou en nous appelant au <strong>+34 652 469\u00a0091.<\/strong><\/p>\n<ol start=\"2\">\n<li><strong>PRODUITS ET PRIX<\/strong><\/li>\n<\/ol>\n<p>Sur la page web il est possible d\u2019avoir acc\u00e8s \u00e0 des cours, des formations ou des services de consultance. Tout ceci est r\u00e9pertori\u00e9 dans une fiche et les prix sont indiqu\u00e9s. Les prix des services ou des produits propos\u00e9s sur notre web sont indiqu\u00e9s en euros et incluent la TVA \u00e0 moins que le contraire soit sp\u00e9cifi\u00e9. Les promotions sont d\u00fbment explicit\u00e9es et identifi\u00e9es comme telles. Leur d\u00e9lai de validit\u00e9 est effectif tout le temps o\u00f9 il appara\u00eet \u00e0 l\u2019\u00e9cran. Ces promotions pourront \u00eatre modifi\u00e9es ou annul\u00e9es sans avertissement pr\u00e9alable.<\/p>\n<ol start=\"3\">\n<li><strong>PROCESSUS DE VENTE<\/strong><\/li>\n<\/ol>\n<p>Pour r\u00e9aliser une commande (de cours, de formation et\/ou de consultance), sur notre page web il est n\u00e9cessaire de s\u2019enregistrer pendant le processus de vente. Notre boutique permet de cr\u00e9er un compte de client, avec ton adresse \u00e9lectronique et le mot de passe de ton choix, pour faciliter la connexion et tes futurs achats. Ces donn\u00e9es seront trait\u00e9es et incorpor\u00e9es \u00e0 nos fichiers, comme d\u00e9crit dans la <a href=\"https:\/\/aikidowaza.com\/fr\/politique-de-confidentialite\/\">politique de confidentialit\u00e9<\/a>.<\/p>\n<p>Pour r\u00e9aliser une vente, tu dois choisir le produit ou service et automatiquement le syst\u00e8me te redirigera \u00e0 la page de commande (panier). Tu devras alors indiquer ton pr\u00e9nom, nom et adresse \u00e9lectronique (sauf si tu as d\u00e9j\u00e0 initi\u00e9 ta session), et choisir ton mode de paiement. Une fois compl\u00e9t\u00e9, clique sur le bouton \u00abPayer\u00bb, tu devras alors indiquer les donn\u00e9es relatives \u00e0 ta carte bancaire\u00a0: une page de confirmation de la vente s\u2019ouvrira alors avec un lien de t\u00e9l\u00e9chargement si tu as achet\u00e9 un logiciel ou fichier t\u00e9l\u00e9chargeable, ou avec une confirmation de r\u00e9servation s\u2019il s\u2019agit d\u2019un service.<\/p>\n<p>Formes de paiement: <strong>AIKIDO WAZA<\/strong> offre \u00e0 ses clients la possibilit\u00e9 de payer avec une carte de cr\u00e9dit. Pour ta tranquillit\u00e9, une s\u00e9curit\u00e9 absolue est garantie, puisque tes donn\u00e9es personnelles et de ta carte sont crypt\u00e9es gr\u00e2ce au serveur SSL mis \u00e0 disposition par Stripe. Ainsi, <strong>AIKIDO WAZA<\/strong> ne re\u00e7oit \u00e0 aucun moment les donn\u00e9es de ta carte, seulement la confirmation de ton paiement.<\/p>\n<p>Annulation et retours: Le client de notre site web s\u2019engage \u00e0 fournir \u00e0 tout moment des informations v\u00e9ridiques concernant les donn\u00e9es sollicit\u00e9es dans nos diff\u00e9rents formulaires de vente. Dans l\u2019hypoth\u00e8se de la vente ou commercialisation de produits de notre site web qui pr\u00e9supposent un \u00e2ge minimum d\u00e9termin\u00e9 selon la l\u00e9gislation en vigueur dans son pays d\u2019origine, l\u2019acheteur exprime clairement qu\u2019il a rempli ce crit\u00e8re pour formaliser la vente.<\/p>\n<p>Le droit de r\u00e9tractation ne sera pas applicable aux contrats qui ont trait \u00e0 la livraison de contenu num\u00e9rique (programmes, applications, jeux, musique, vid\u00e9os ou textes informatique, tant en ce qui concerne les t\u00e9l\u00e9chargements que les diffusions en temps r\u00e9el), qui ne sont pas fournis sur un support mat\u00e9riel quand l\u2019ex\u00e9cution a commenc\u00e9. Ainsi, quand un client acquiert un produit \u00e0 t\u00e9l\u00e9charger et que le t\u00e9l\u00e9chargement a d\u00e9j\u00e0 commenc\u00e9, il perd son droit de r\u00e9tractation. Comme ce sont des produits num\u00e9riques, il n\u2019y a pas de frais mat\u00e9riels de renvoi du produit, puisque qu\u2019il s\u2019agit d\u2019un droit d\u2019acc\u00e8s uniquement, donc il n\u2019y aura pas de remboursement de frais. Concernant les services, si ceux-ci n\u2019ont pas pu \u00eatre d\u00e9livr\u00e9s par manque de coop\u00e9ration du client, ce dernier perdra tout droit quant au remboursement de la somme pay\u00e9e. Le service apr\u00e8s-vente des info-produits achet\u00e9s sera gratuit s\u2019il s\u2019agit de difficult\u00e9s de t\u00e9l\u00e9chargement. En revanche, les requ\u00eates suites \u00e0 la livraison du mat\u00e9riel achet\u00e9 ne seront pas incluses dans les services gratuits.<\/p>\n","protected":false},"excerpt":{"rendered":"<p>A travers ces conditions l\u00e9gales, nous mettons \u00e0 disposition du consommateur l\u2019information pr\u00e9contractuelle \u00e0 laquelle se r\u00e9f\u00e8re l\u2019article 6 de&#8230;  <a class=\"excerpt-read-more\" href=\"https:\/\/aikidowaza.com\/fr\/termes-et-conditions\/\" title=\"Read Termes et conditions\">Lire la suite &raquo;<\/a><\/p>\n","protected":false},"author":1,"featured_media":0,"parent":0,"menu_order":0,"comment_status":"closed","ping_status":"closed","template":"","meta":[],"acf":[],"yoast_head":"<!-- This site is optimized with the Yoast SEO plugin v17.6 - https:\/\/yoast.com\/wordpress\/plugins\/seo\/ -->\n<meta name=\"robots\" content=\"noindex, follow\" \/>\n<meta property=\"og:locale\" content=\"fr_FR\" \/>\n<meta property=\"og:type\" content=\"article\" \/>\n<meta property=\"og:title\" content=\"Termes et conditions - AIKIDOWAZA\" \/>\n<meta property=\"og:description\" content=\"A travers ces conditions l\u00e9gales, nous mettons \u00e0 disposition du consommateur l\u2019information pr\u00e9contractuelle \u00e0 laquelle se r\u00e9f\u00e8re l\u2019article 6 de... Lire la suite &raquo;\" \/>\n<meta property=\"og:url\" content=\"https:\/\/aikidowaza.com\/fr\/termes-et-conditions\/\" \/>\n<meta property=\"og:site_name\" content=\"AIKIDOWAZA\" \/>\n<meta property=\"article:modified_time\" content=\"2019-07-19T14:06:14+00:00\" \/>\n<meta name=\"twitter:card\" content=\"summary_large_image\" \/>\n<meta name=\"twitter:label1\" content=\"Dur\u00e9e de lecture estim\u00e9e\" \/>\n\t<meta name=\"twitter:data1\" content=\"4 minutes\" \/>\n<script type=\"application\/ld+json\" class=\"yoast-schema-graph\">{\"@context\":\"https:\/\/schema.org\",\"@graph\":[{\"@type\":\"WebSite\",\"@id\":\"https:\/\/aikidowaza.com\/fr\/#website\",\"url\":\"https:\/\/aikidowaza.com\/fr\/\",\"name\":\"AIKIDOWAZA\",\"description\":\"\",\"potentialAction\":[{\"@type\":\"SearchAction\",\"target\":{\"@type\":\"EntryPoint\",\"urlTemplate\":\"https:\/\/aikidowaza.com\/fr\/?s={search_term_string}\"},\"query-input\":\"required name=search_term_string\"}],\"inLanguage\":\"fr-FR\"},{\"@type\":\"WebPage\",\"@id\":\"https:\/\/aikidowaza.com\/fr\/termes-et-conditions\/#webpage\",\"url\":\"https:\/\/aikidowaza.com\/fr\/termes-et-conditions\/\",\"name\":\"Termes et conditions - AIKIDOWAZA\",\"isPartOf\":{\"@id\":\"https:\/\/aikidowaza.com\/fr\/#website\"},\"datePublished\":\"2019-06-11T12:55:57+00:00\",\"dateModified\":\"2019-07-19T14:06:14+00:00\",\"breadcrumb\":{\"@id\":\"https:\/\/aikidowaza.com\/fr\/termes-et-conditions\/#breadcrumb\"},\"inLanguage\":\"fr-FR\",\"potentialAction\":[{\"@type\":\"ReadAction\",\"target\":[\"https:\/\/aikidowaza.com\/fr\/termes-et-conditions\/\"]}]},{\"@type\":\"BreadcrumbList\",\"@id\":\"https:\/\/aikidowaza.com\/fr\/termes-et-conditions\/#breadcrumb\",\"itemListElement\":[{\"@type\":\"ListItem\",\"position\":1,\"name\":\"Portada\",\"item\":\"https:\/\/aikidowaza.com\/fr\/\"},{\"@type\":\"ListItem\",\"position\":2,\"name\":\"Termes et conditions\"}]}]}<\/script>\n<!-- \/ Yoast SEO plugin. -->","yoast_head_json":{"robots":{"index":"noindex","follow":"follow"},"og_locale":"fr_FR","og_type":"article","og_title":"Termes et conditions - AIKIDOWAZA","og_description":"A travers ces conditions l\u00e9gales, nous mettons \u00e0 disposition du consommateur l\u2019information pr\u00e9contractuelle \u00e0 laquelle se r\u00e9f\u00e8re l\u2019article 6 de... Lire la suite &raquo;","og_url":"https:\/\/aikidowaza.com\/fr\/termes-et-conditions\/","og_site_name":"AIKIDOWAZA","article_modified_time":"2019-07-19T14:06:14+00:00","twitter_card":"summary_large_image","twitter_misc":{"Dur\u00e9e de lecture estim\u00e9e":"4 minutes"},"schema":{"@context":"https:\/\/schema.org","@graph":[{"@type":"WebSite","@id":"https:\/\/aikidowaza.com\/fr\/#website","url":"https:\/\/aikidowaza.com\/fr\/","name":"AIKIDOWAZA","description":"","potentialAction":[{"@type":"SearchAction","target":{"@type":"EntryPoint","urlTemplate":"https:\/\/aikidowaza.com\/fr\/?s={search_term_string}"},"query-input":"required name=search_term_string"}],"inLanguage":"fr-FR"},{"@type":"WebPage","@id":"https:\/\/aikidowaza.com\/fr\/termes-et-conditions\/#webpage","url":"https:\/\/aikidowaza.com\/fr\/termes-et-conditions\/","name":"Termes et conditions - AIKIDOWAZA","isPartOf":{"@id":"https:\/\/aikidowaza.com\/fr\/#website"},"datePublished":"2019-06-11T12:55:57+00:00","dateModified":"2019-07-19T14:06:14+00:00","breadcrumb":{"@id":"https:\/\/aikidowaza.com\/fr\/termes-et-conditions\/#breadcrumb"},"inLanguage":"fr-FR","potentialAction":[{"@type":"ReadAction","target":["https:\/\/aikidowaza.com\/fr\/termes-et-conditions\/"]}]},{"@type":"BreadcrumbList","@id":"https:\/\/aikidowaza.com\/fr\/termes-et-conditions\/#breadcrumb","itemListElement":[{"@type":"ListItem","position":1,"name":"Portada","item":"https:\/\/aikidowaza.com\/fr\/"},{"@type":"ListItem","position":2,"name":"Termes et conditions"}]}]}},"_links":{"self":[{"href":"https:\/\/aikidowaza.com\/fr\/wp-json\/wp\/v2\/pages\/36"}],"collection":[{"href":"https:\/\/aikidowaza.com\/fr\/wp-json\/wp\/v2\/pages"}],"about":[{"href":"https:\/\/aikidowaza.com\/fr\/wp-json\/wp\/v2\/types\/page"}],"author":[{"embeddable":true,"href":"https:\/\/aikidowaza.com\/fr\/wp-json\/wp\/v2\/users\/1"}],"replies":[{"embeddable":true,"href":"https:\/\/aikidowaza.com\/fr\/wp-json\/wp\/v2\/comments?post=36"}],"version-history":[{"count":4,"href":"https:\/\/aikidowaza.com\/fr\/wp-json\/wp\/v2\/pages\/36\/revisions"}],"predecessor-version":[{"id":598,"href":"https:\/\/aikidowaza.com\/fr\/wp-json\/wp\/v2\/pages\/36\/revisions\/598"}],"wp:attachment":[{"href":"https:\/\/aikidowaza.com\/fr\/wp-json\/wp\/v2\/media?parent=36"}],"curies":[{"name":"wp","href":"https:\/\/api.w.org\/{rel}","templated":true}]}}