{"id":39,"date":"2019-06-11T13:04:31","date_gmt":"2019-06-11T13:04:31","guid":{"rendered":"https:\/\/aikidowaza.com\/fr\/?page_id=39"},"modified":"2019-07-19T14:36:14","modified_gmt":"2019-07-19T14:36:14","slug":"politique-de-confidentialite","status":"publish","type":"page","link":"https:\/\/aikidowaza.com\/fr\/politique-de-confidentialite\/","title":{"rendered":"Politique de confidentialit\u00e9"},"content":{"rendered":"<p><strong>YUB\u00c9N FERN\u00c1NDEZ GONZ\u00c1LEZ<\/strong> en tant que titulaire du site internet que tu visites, expose dans cette section la Politique de confidentialit\u00e9 en vigueur, et sur l\u2019information \u00e0 caract\u00e8re personnel que l\u2019utilisateur peut faciliter lorsqu\u2019il visite ou navigue sur la page web dont nous sommes titulaires.<\/p>\n<p>Dans le traitement des donn\u00e9es personnelles, <strong>YUB\u00c9N FERN\u00c1NDEZ GONZ\u00c1LEZ\u00a0<\/strong>garantit le respect de la Loi Organique 15\/1999, du 13 d\u00e9cembre, de Protection des Donn\u00e9es \u00e0 Caract\u00e8re Personnel et de son r\u00e8glement d\u2019application, D\u00e9cret Royal 1720\/2007, du 21 d\u00e9cembre, par lequel est approuv\u00e9 son R\u00e8glement, ainsi que la LSSICE 34\/2002, du 11 juillet, de la Soci\u00e9t\u00e9 de l\u2019Information et du Commerce Electronique. Celui-ci informe tous les utilisateurs, que les donn\u00e9es remises ou fournies \u00e0 travers la pr\u00e9sente page seront incorpor\u00e9es \u00e0 un dossier automatique d\u00fbment inscrit \u00e0 l\u2019Agence Espagnole de Protection des Donn\u00e9es, et dont le responsable est\u00a0: <strong>YUB\u00c9N FERN\u00c1NDEZ GONZ\u00c1LEZ <\/strong>(ci-apr\u00e8s d\u00e9nomm\u00e9 <strong>AIKIDO WAZA<\/strong>) dont le num\u00e9ro d\u2019identit\u00e9 est\u00a0N.I.F.\u00a0<strong>76122414G <\/strong>et dont le si\u00e8ge social est situ\u00e9\u00a0: <strong>Calle Las Palmeras n\u00ba 13, 10470 Villanueva de la Vera (C\u00c1CERES \u2013 Espagne)<\/strong><\/p>\n<p><strong>AIKIDO WAZA <\/strong>se r\u00e9serve le droit de modifier la pr\u00e9sente Politique de Protection des Donn\u00e9es \u00e0 tout moment, dans le but de l\u2019adapter \u00e0 de nouvelles l\u00e9gislations ou \u00e0 des changements dans ses activit\u00e9s, \u00e9tant en vigueur ce qui est publi\u00e9 sur notre page web.<\/p>\n<ol>\n<li><strong>QUALITE ET FINALITE<\/strong><\/li>\n<\/ol>\n<p>En cliquant sur le bouton \u201cEnvoyer, s\u2019inscrire\u201d (ou \u00e9quivalent) apparaissant dans nos formulaires, l\u2019utilisateur d\u00e9clare que l\u2019information et les donn\u00e9es qu\u2019il a facilit\u00e9es sont exactes et v\u00e9ridiques. Pour que l\u2019information facilit\u00e9e soit toujours actualis\u00e9e et qu\u2019elle ne contienne pas d\u2019erreurs, l\u2019Utilisateur devra communiquer, dans les meilleurs d\u00e9lais possibles, des changements qui pourraient subvenir concernant ses donn\u00e9es personnelles, ainsi que les rectifications de donn\u00e9es erron\u00e9es s\u2019il en d\u00e9tecte.<\/p>\n<p><strong>L\u2019utilisateur garantit que les donn\u00e9es apport\u00e9es sont vraies, exactes, compl\u00e8tes et actualis\u00e9es. Il est responsable de tout dommage ou pr\u00e9judice, direct ou indirect, qui pourrait se produire comme cons\u00e9quence du non-respect de cette obligation. Selon le formulaire ou la section \u00e0 laquelle tu acc\u00e8des, et selon l\u2019information que tu nous donnes, celle-ci sera utilis\u00e9e aux fins d\u00e9crites ci-dessous, de sorte que tu acceptes express\u00e9ment, librement et sans \u00e9quivoque le traitement de tes donn\u00e9es conform\u00e9ment aux finalit\u00e9s suivantes:<\/strong><\/p>\n<ol>\n<li>En particulier, celles qui sont indiqu\u00e9es dans chacune des pages ou des sections o\u00f9 figurent le formulaire d\u2019inscription ou le contact \u00e9lectronique.<\/li>\n<li>En g\u00e9n\u00e9ral, pour r\u00e9pondre \u00e0 tes demandes, abonnements, commentaires, requ\u00eates ou \u00e0 tous types de demandes formul\u00e9es par l&rsquo;utilisateur via l&rsquo;une des formes de contact que nous mettons \u00e0 la disposition de nos utilisateurs.<\/li>\n<li>Pour t\u2019informer sur les requ\u00eates, demandes, activit\u00e9s, produits, nouveaut\u00e9s et\/ou services; via email, fax, Whatssap, Skype, t\u00e9l\u00e9phone, SMS, MMS, et \u00e9galement pour envoyer des communications commerciales ou publicitaires \u00e0 travers n\u2019importe quel autre moyen \u00e9lectronique ou physique qui permette de r\u00e9aliser des communications. Ces communications seront toujours en relation avec nos produits, services, nouveaut\u00e9s ou promotions, ainsi que les produits ou services que nous consid\u00e9rons de ton int\u00e9r\u00eat et que peuvent offrir des collaborateurs, entreprises ou partenaires avec lesquels nous maintenons des accords de promotion ou collaboration commerciale. Si tel est le cas, nous garantissons que ces tiers n&rsquo;auront jamais acc\u00e8s \u00e0 tes donn\u00e9es personnelles, sauf exceptions d\u00e9crites dans le pr\u00e9sent document, les communications provenant dans tous les cas d\u2019<strong>AIKIDO WAZA<\/strong>.<\/li>\n<li>Elaborer des profils de march\u00e9 \u00e0 des fins publicitaires ou statistiques.<\/li>\n<li>Pour t\u2019envoyer des publications, des actualit\u00e9s ou informations similaires, r\u00e9guli\u00e8rement.<\/li>\n<li>En cliquant sur le bouton \u201cAcheter maintenant\u201d (ou \u00e9quivalent) <strong>AIKIDO WAZA<\/strong> te redirigera sur la page o\u00f9 sont propos\u00e9s les produits que nous montrons \u00e0 l\u2019utilisateur sur notre web. <strong>AIKIDO WAZA <\/strong>fournit et facilite uniquement \u00e0 l\u2019utilisateur les liens vers les pages et\/ou les plateformes de ces tiers sur lesquelles peuvent \u00eatre achet\u00e9s les produits que nous pr\u00e9sentons, dans le but de faciliter la recherche et l\u2019achat facile de ces m\u00eames produits par l\u2019utilisateur, mais en aucun cas ces pages li\u00e9es et appartenant \u00e0 des tiers n\u2019ont \u00e9t\u00e9 r\u00e9vis\u00e9es ni ne font l\u2019objet de contr\u00f4le, ou de recommandation de la part de <strong>AIKIDO WAZA<\/strong>. En aucun cas <strong>AIKIDO WAZA<\/strong> ne sera consid\u00e9r\u00e9 comme responsable des contenus de ces sites web, des responsabilit\u00e9s d\u00e9coulant de leur usage dans tous les domaines, ni des mesures adopt\u00e9es quant \u00e0 la confidentialit\u00e9 de l\u2019utilisateur, traitement de ses donn\u00e9es \u00e0 caract\u00e8re personnel ou autres donn\u00e9es qui en sont issues.<\/li>\n<\/ol>\n<p><strong>Pour tout cela, AIKIDO WAZA recommande \u00e0 l\u2019utilisateur une lecture approfondie et anticip\u00e9e de toutes les conditions d\u2019usage, conditions d\u2019achat, politiques de confidentialit\u00e9, avertissements l\u00e9gaux et\/ou documents \u00e9quivalents de ces sites li\u00e9s, avant de proc\u00e9der \u00e0 l\u2019achat de ces produits ou l\u2019usage des pages web. <\/strong><\/p>\n<ol start=\"2\">\n<li><strong>DESABONNEMENT DE LA NEWSLETTER ET DE L\u2019ENVOI DE COMMUNICATIONS COMMERCIALES<\/strong><\/li>\n<\/ol>\n<p><strong>En conformit\u00e9 avec la loi LSSI-CE 34\/2002, du 11 juillet, de la Soci\u00e9t\u00e9 de l\u2019Information et du Commerce Electronique, nous t\u2019informons qu\u2019\u00e0 tout moment tu peux <u>r\u00e9voquer le consentement \u00e9mis<\/u> pour l\u2019envoi de communications commerciales ou l\u2019envoi p\u00e9riodique de contenus du web, uniquement en envoyant un email \u00e0: info@alocreativa.com indiquant: DESABONNEMENT AIKIDOWA.COM.<\/strong><\/p>\n<ol start=\"3\">\n<li><strong> ACCES AUX DONNEES POUR LE COMPTE DE TIERS<\/strong><\/li>\n<\/ol>\n<p><strong>AIKIDO WAZA<\/strong> pourra embaucher des tiers pour exercer des activit\u00e9s en son nom dans l\u2019objectif de recueillir tes donn\u00e9es personnelles, comme par exemple analyser l\u2019information fournie, loger des sites web ou \u00e9quivalents en ayant acc\u00e8s \u00e0 l\u2019information \u00e0 caract\u00e8re personnelle n\u00e9cessaire \u00e0 l\u2019accomplissement de leurs fonctions, bien qu\u2019ils ne puissent utiliser ces informations \u00e0 d\u2019autres fins. Nos relations avec ces tiers seront r\u00e9gul\u00e9es de mani\u00e8re \u00e0 respecter la r\u00e9glementation applicable en mati\u00e8re de protection des donn\u00e9es \u00e0 caract\u00e8re personnel.<\/p>\n<p>Notre site web utilise des serveurs publicitaires afin de fournir des contenus commerciaux que l\u2019utilisateur pourra voir sur nos pages. Ces serveurs publicitaires utilisent des cookies qui leur permettent d\u2019adapter les contenus publicitaires aux profils d\u00e9mographiques des utilisateurs\u00a0:<\/p>\n<p><strong>Google Analytics<\/strong><\/p>\n<p>Google Analytics est un service d\u2019analyse web fourni par Google, Inc., une compagnie du Delaware dont le bureau principal se trouve au 1600 Amphitheatre Parkway, Mountain View (California), CA 94043, Etats-Unis (\u00ab\u00a0Google\u00a0\u00bb). Google Analytics utilise des \u00ab\u00a0cookies\u00a0\u00bb, qui sont des fichiers texte situ\u00e9s sur ton ordinateur pour aider le site web \u00e0 analyser l\u2019usage que font les utilisateurs du site web.<\/p>\n<p>L\u2019information que g\u00e9n\u00e8re le cookie \u00e0 propos de ton utilisation du site web (incluant ton adresse IP) sera directement transmise et archiv\u00e9e par Google. Google utilisera cette information pour notre compte dans le but de suivre ton utilisation du site web, en compilant les rapports sur l\u2019activit\u00e9 du site web et proposant d\u2019autres services en relation avec l\u2019activit\u00e9 du site web et l\u2019utilisation d\u2019Internet. Google pourra transmettre cette information \u00e0 des tiers lorsque la l\u00e9gislation le requiert, ou lorsque ces tiers traitent l\u2019information pour le compte de Google. Google n\u2019associera pas ton adresse IP avec aucune autre donn\u00e9e que Google pourrait avoir en sa possession Tu peux refuser le traitement des donn\u00e9es ou de l\u2019information en refusant l\u2019usage de cookies, cela est possible en s\u00e9lectionnant la configuration appropri\u00e9e sur ton navigateur. Cependant, tu dois savoir que si tu le fais, tu ne pourras peut-\u00eatre pas utiliser toutes les fonctionnalit\u00e9s de ce site web. <strong>En utilisant ce site web tu consens au traitement des donn\u00e9es par Google de la forme et pour les finalit\u00e9s ici indiqu\u00e9es<\/strong>. Les utilisateurs peuvent acc\u00e9der \u00e0 la politique de confidentialit\u00e9 du r\u00e9seau de diffusion de contenus sur <a href=\"https:\/\/policies.google.com\/privacy?hl=fr\" target=\"_blank\" rel=\"noopener noreferrer\">https:\/\/policies.google.com\/privacy?hl=fr<\/a>.<\/p>\n<p><strong>Google Adsense: <\/strong><\/p>\n<p>Google, en tant que fournisseur associ\u00e9, utilise des cookies pour publier des annonces sur ce site web. Les utilisateurs peuvent d\u00e9sactiver l\u2019usage du cookie DART \u00e0 travers l\u2019annonce de Google et en acc\u00e9dant \u00e0 la politique de confidentialit\u00e9 du r\u00e9seau de diffusion de contenus <a href=\"https:\/\/policies.google.com\/privacy?hl=fr\" target=\"_blank\" rel=\"noopener noreferrer\">https:\/\/policies.google.com\/privacy?hl=fr<\/a>. Google utilise des entreprises publicitaires associ\u00e9es pour publier des annonces lorsque tu visites notre site web. Il est possible que ces entreprises utilisent l\u2019information obtenue lors de tes visites sur ce site ou sur d\u2019autres (sans inclure ton nom, adresse postale, adresse mail ou num\u00e9ro de t\u00e9l\u00e9phone) pour te proposer des annonces pour des produits ou services qui pourraient t\u2019int\u00e9resser. <strong>En utilisant ce site web tu consens au traitement de donn\u00e9es par Google de la forme et pour les finalit\u00e9s ici indiqu\u00e9es.<\/strong><\/p>\n<p><strong>Si tu veux plus d\u2019informations concernant l\u2019utilisation des cookies et les pratiques de collectes d\u2019informations et les proc\u00e9dures d\u2019acceptation ou de refus par l\u2019utilisateur, consulte notre: <a href=\"https:\/\/aikidowaza.com\/fr\/politique-de-cookies\/\">Politique des Cookies<\/a>. <\/strong><\/p>\n<ol start=\"4\">\n<li><strong>DONN\u00c9ES SUR LES TIERS<\/strong><\/li>\n<\/ol>\n<p>Si tu nous fournis des donn\u00e9es personnelles d\u2019un tiers, conform\u00e9ment aux dispositions de l\u2019article 5.4 LOPD, <strong>tu d\u00e9clares avoir inform\u00e9 <u>\u00e0 l\u2019avance<\/u> lesdites personnes du contenu des donn\u00e9es fournies, de la provenance de ces m\u00eames donn\u00e9es, de l\u2019existence et de la finalit\u00e9 du dossier contenant ses donn\u00e9es, des destinataires de cette information, de la possibilit\u00e9 d\u2019exercer les droits d\u2019acc\u00e8s, de rectification, d\u2019annulation ou d\u2019opposition, ainsi que des donn\u00e9es d\u2019identification de AIKIDO WAZA. De ce fait, il est de ton enti\u00e8re responsabilit\u00e9 d\u2019informer les tiers sur la cession de leurs donn\u00e9es, sachant qu\u2019AIKIDO WAZA n\u2019assumera aucune responsabilit\u00e9 quant au non-respect de cette disposition par l\u2019utilisateur. <\/strong><\/p>\n<ol start=\"5\">\n<li><strong>EXERCICE DES DROITS<\/strong><\/li>\n<\/ol>\n<p>Le titulaire des donn\u00e9es pourra exercer ses droits d\u2019acc\u00e8s, de rectification, d\u2019annulation et d\u2019opposition en s\u2019adressant \u00e0: <strong>AIKIDO WAZA: Calle Las Palmeras n\u00ba 13, 10470 Villanueva de la Vera (C\u00c1CERES &#8211; Espagne) <\/strong>ou bien en envoyant une demande<strong> \u00e0 info@aikidowaza.com. <\/strong>Cette demande devra contenir les \u00e9l\u00e9ments suivants: nom et pr\u00e9nom, adresse du domicile pour \u00e9ventuelles notifications, photocopie de la carte d\u2019identit\u00e9 ou du passeport.<\/p>\n<ol start=\"6\">\n<li><strong> MESURES DE S\u00c9CURIT\u00c9<\/strong><\/li>\n<\/ol>\n<p><strong>AIKIDO WAZA <\/strong>a adopt\u00e9 toutes les mesures techniques et d\u2019organisation n\u00e9cessaires \u00e0 garantir la s\u00e9curit\u00e9 et l\u2019int\u00e9grit\u00e9 des donn\u00e9es \u00e0 caract\u00e8re personnel trait\u00e9es, ainsi que pour \u00e9viter la perte, la modification et\/ou l\u2019acc\u00e8s \u00e0 ces donn\u00e9es par des tiers non autoris\u00e9s. <strong>Malgr\u00e9 ce qui pr\u00e9c\u00e8de, l&rsquo;utilisateur reconna\u00eet et accepte le fait que les mesures de s\u00e9curit\u00e9 sur Internet ne sont pas infaillibles.<\/strong><\/p>\n","protected":false},"excerpt":{"rendered":"<p>YUB\u00c9N FERN\u00c1NDEZ GONZ\u00c1LEZ en tant que titulaire du site internet que tu visites, expose dans cette section la Politique de&#8230;  <a class=\"excerpt-read-more\" href=\"https:\/\/aikidowaza.com\/fr\/politique-de-confidentialite\/\" title=\"Read Politique de confidentialit\u00e9\">Lire la suite &raquo;<\/a><\/p>\n","protected":false},"author":1,"featured_media":0,"parent":0,"menu_order":0,"comment_status":"closed","ping_status":"closed","template":"","meta":[],"acf":[],"yoast_head":"<!-- This site is optimized with the Yoast SEO plugin v17.6 - https:\/\/yoast.com\/wordpress\/plugins\/seo\/ -->\n<meta name=\"robots\" content=\"noindex, follow\" \/>\n<meta property=\"og:locale\" content=\"fr_FR\" \/>\n<meta property=\"og:type\" content=\"article\" \/>\n<meta property=\"og:title\" content=\"Politique de confidentialit\u00e9 - AIKIDOWAZA\" \/>\n<meta property=\"og:description\" content=\"YUB\u00c9N FERN\u00c1NDEZ GONZ\u00c1LEZ en tant que titulaire du site internet que tu visites, expose dans cette section la Politique de... Lire la suite &raquo;\" \/>\n<meta property=\"og:url\" content=\"https:\/\/aikidowaza.com\/fr\/politique-de-confidentialite\/\" \/>\n<meta property=\"og:site_name\" content=\"AIKIDOWAZA\" \/>\n<meta property=\"article:modified_time\" content=\"2019-07-19T14:36:14+00:00\" \/>\n<meta name=\"twitter:card\" content=\"summary_large_image\" \/>\n<meta name=\"twitter:label1\" content=\"Dur\u00e9e de lecture estim\u00e9e\" \/>\n\t<meta name=\"twitter:data1\" content=\"9 minutes\" \/>\n<script type=\"application\/ld+json\" class=\"yoast-schema-graph\">{\"@context\":\"https:\/\/schema.org\",\"@graph\":[{\"@type\":\"WebSite\",\"@id\":\"https:\/\/aikidowaza.com\/fr\/#website\",\"url\":\"https:\/\/aikidowaza.com\/fr\/\",\"name\":\"AIKIDOWAZA\",\"description\":\"\",\"potentialAction\":[{\"@type\":\"SearchAction\",\"target\":{\"@type\":\"EntryPoint\",\"urlTemplate\":\"https:\/\/aikidowaza.com\/fr\/?s={search_term_string}\"},\"query-input\":\"required name=search_term_string\"}],\"inLanguage\":\"fr-FR\"},{\"@type\":\"WebPage\",\"@id\":\"https:\/\/aikidowaza.com\/fr\/politique-de-confidentialite\/#webpage\",\"url\":\"https:\/\/aikidowaza.com\/fr\/politique-de-confidentialite\/\",\"name\":\"Politique de confidentialit\\u00e9 - AIKIDOWAZA\",\"isPartOf\":{\"@id\":\"https:\/\/aikidowaza.com\/fr\/#website\"},\"datePublished\":\"2019-06-11T13:04:31+00:00\",\"dateModified\":\"2019-07-19T14:36:14+00:00\",\"breadcrumb\":{\"@id\":\"https:\/\/aikidowaza.com\/fr\/politique-de-confidentialite\/#breadcrumb\"},\"inLanguage\":\"fr-FR\",\"potentialAction\":[{\"@type\":\"ReadAction\",\"target\":[\"https:\/\/aikidowaza.com\/fr\/politique-de-confidentialite\/\"]}]},{\"@type\":\"BreadcrumbList\",\"@id\":\"https:\/\/aikidowaza.com\/fr\/politique-de-confidentialite\/#breadcrumb\",\"itemListElement\":[{\"@type\":\"ListItem\",\"position\":1,\"name\":\"Portada\",\"item\":\"https:\/\/aikidowaza.com\/fr\/\"},{\"@type\":\"ListItem\",\"position\":2,\"name\":\"Politique de confidentialit\\u00e9\"}]}]}<\/script>\n<!-- \/ Yoast SEO plugin. -->","yoast_head_json":{"robots":{"index":"noindex","follow":"follow"},"og_locale":"fr_FR","og_type":"article","og_title":"Politique de confidentialit\u00e9 - AIKIDOWAZA","og_description":"YUB\u00c9N FERN\u00c1NDEZ GONZ\u00c1LEZ en tant que titulaire du site internet que tu visites, expose dans cette section la Politique de... Lire la suite &raquo;","og_url":"https:\/\/aikidowaza.com\/fr\/politique-de-confidentialite\/","og_site_name":"AIKIDOWAZA","article_modified_time":"2019-07-19T14:36:14+00:00","twitter_card":"summary_large_image","twitter_misc":{"Dur\u00e9e de lecture estim\u00e9e":"9 minutes"},"schema":{"@context":"https:\/\/schema.org","@graph":[{"@type":"WebSite","@id":"https:\/\/aikidowaza.com\/fr\/#website","url":"https:\/\/aikidowaza.com\/fr\/","name":"AIKIDOWAZA","description":"","potentialAction":[{"@type":"SearchAction","target":{"@type":"EntryPoint","urlTemplate":"https:\/\/aikidowaza.com\/fr\/?s={search_term_string}"},"query-input":"required name=search_term_string"}],"inLanguage":"fr-FR"},{"@type":"WebPage","@id":"https:\/\/aikidowaza.com\/fr\/politique-de-confidentialite\/#webpage","url":"https:\/\/aikidowaza.com\/fr\/politique-de-confidentialite\/","name":"Politique de confidentialit\u00e9 - AIKIDOWAZA","isPartOf":{"@id":"https:\/\/aikidowaza.com\/fr\/#website"},"datePublished":"2019-06-11T13:04:31+00:00","dateModified":"2019-07-19T14:36:14+00:00","breadcrumb":{"@id":"https:\/\/aikidowaza.com\/fr\/politique-de-confidentialite\/#breadcrumb"},"inLanguage":"fr-FR","potentialAction":[{"@type":"ReadAction","target":["https:\/\/aikidowaza.com\/fr\/politique-de-confidentialite\/"]}]},{"@type":"BreadcrumbList","@id":"https:\/\/aikidowaza.com\/fr\/politique-de-confidentialite\/#breadcrumb","itemListElement":[{"@type":"ListItem","position":1,"name":"Portada","item":"https:\/\/aikidowaza.com\/fr\/"},{"@type":"ListItem","position":2,"name":"Politique de confidentialit\u00e9"}]}]}},"_links":{"self":[{"href":"https:\/\/aikidowaza.com\/fr\/wp-json\/wp\/v2\/pages\/39"}],"collection":[{"href":"https:\/\/aikidowaza.com\/fr\/wp-json\/wp\/v2\/pages"}],"about":[{"href":"https:\/\/aikidowaza.com\/fr\/wp-json\/wp\/v2\/types\/page"}],"author":[{"embeddable":true,"href":"https:\/\/aikidowaza.com\/fr\/wp-json\/wp\/v2\/users\/1"}],"replies":[{"embeddable":true,"href":"https:\/\/aikidowaza.com\/fr\/wp-json\/wp\/v2\/comments?post=39"}],"version-history":[{"count":3,"href":"https:\/\/aikidowaza.com\/fr\/wp-json\/wp\/v2\/pages\/39\/revisions"}],"predecessor-version":[{"id":601,"href":"https:\/\/aikidowaza.com\/fr\/wp-json\/wp\/v2\/pages\/39\/revisions\/601"}],"wp:attachment":[{"href":"https:\/\/aikidowaza.com\/fr\/wp-json\/wp\/v2\/media?parent=39"}],"curies":[{"name":"wp","href":"https:\/\/api.w.org\/{rel}","templated":true}]}}