{"id":48,"date":"2019-06-11T14:32:54","date_gmt":"2019-06-11T14:32:54","guid":{"rendered":"https:\/\/aikidowaza.com\/fr\/?page_id=48"},"modified":"2021-02-23T13:20:50","modified_gmt":"2021-02-23T13:20:50","slug":"contact","status":"publish","type":"page","link":"https:\/\/aikidowaza.com\/fr\/contact\/","title":{"rendered":"Contact"},"content":{"rendered":"\n<p>Si tu veux entrer en contact avec nous, tu peux utiliser le formulaire suivant pour nous saluer, nous proposer une collaboration ou simplement pour nous parler, sois s\u00fbr que nous serons ravis de te lire.<\/p>\n\n\n\n<div class=\"wp-block-contact-form-7-contact-form-selector\"><div role=\"form\" class=\"wpcf7\" id=\"wpcf7-f47-o1\" lang=\"es-ES\" dir=\"ltr\">\n<div class=\"screen-reader-response\"><p role=\"status\" aria-live=\"polite\" aria-atomic=\"true\"><\/p> <ul><\/ul><\/div>\n<form action=\"\/fr\/wp-json\/wp\/v2\/pages\/48#wpcf7-f47-o1\" method=\"post\" class=\"wpcf7-form init\" novalidate=\"novalidate\" data-status=\"init\">\n<div style=\"display: none;\">\n<input type=\"hidden\" name=\"_wpcf7\" value=\"47\" \/>\n<input type=\"hidden\" name=\"_wpcf7_version\" value=\"5.5.2\" \/>\n<input type=\"hidden\" name=\"_wpcf7_locale\" value=\"es_ES\" \/>\n<input type=\"hidden\" name=\"_wpcf7_unit_tag\" value=\"wpcf7-f47-o1\" \/>\n<input type=\"hidden\" name=\"_wpcf7_container_post\" value=\"0\" \/>\n<input type=\"hidden\" name=\"_wpcf7_posted_data_hash\" value=\"\" \/>\n<input type=\"hidden\" name=\"_wpcf7_recaptcha_response\" value=\"\" \/>\n<\/div>\n<p><label for=\"nombre\">Ton nom <span class=\"detalle\">*<\/span><\/label><br \/>\n<span class=\"wpcf7-form-control-wrap tu-nombre\"><input type=\"text\" name=\"tu-nombre\" value=\"\" size=\"40\" class=\"wpcf7-form-control wpcf7-text wpcf7-validates-as-required\" id=\"nombre\" aria-required=\"true\" aria-invalid=\"false\" \/><\/span><\/p>\n<p><label for=\"email\">Ton adresse e-mail <span class=\"detalle\">*<\/span><\/label><br \/>\n<span class=\"wpcf7-form-control-wrap tu-email\"><input type=\"email\" name=\"tu-email\" value=\"\" size=\"40\" class=\"wpcf7-form-control wpcf7-text wpcf7-email wpcf7-validates-as-required wpcf7-validates-as-email\" id=\"email\" aria-required=\"true\" aria-invalid=\"false\" \/><\/span><\/p>\n<p><label for=\"asunto\">Objet<\/label><br \/>\n<span class=\"wpcf7-form-control-wrap tu-asunto\"><input type=\"text\" name=\"tu-asunto\" value=\"\" size=\"40\" class=\"wpcf7-form-control wpcf7-text\" id=\"asunto\" aria-invalid=\"false\" \/><\/span> <\/p>\n<p><label for=\"mensaje\">Ton message <span class=\"detalle\">*<\/span><\/label><br \/>\n<span class=\"wpcf7-form-control-wrap tu-mensaje\"><textarea name=\"tu-mensaje\" cols=\"40\" rows=\"10\" class=\"wpcf7-form-control wpcf7-textarea wpcf7-validates-as-required\" id=\"mensaje\" aria-required=\"true\" aria-invalid=\"false\"><\/textarea><\/span> <\/p>\n<p><label><span class=\"wpcf7-form-control-wrap acceptance-935\"><span class=\"wpcf7-form-control wpcf7-acceptance\"><span class=\"wpcf7-list-item\"><label><input type=\"checkbox\" name=\"acceptance-935\" value=\"1\" aria-invalid=\"false\" \/><span class=\"wpcf7-list-item-label\">J'ai lu et accepte la <a href=\"https:\/\/aikidowaza.com\/fr\/politique-de-confidentialite\/\" target=\"_blank\">politique de confidentialit\u00e9<\/a> <span class=\"detalle\">*<\/span><\/span><\/label><\/span><\/span><\/span><\/label><\/p>\n<p><span class=\"detalle\">*<\/span> Champs obligatoires<\/p>\n<p><input type=\"submit\" value=\"Envoyer\" class=\"wpcf7-form-control has-spinner wpcf7-submit\" \/><\/p>\n<p class=\"text-legal\">Responsable du fichier: Yub\u00e9n Fern\u00e1ndez Gonz\u00e1lez. Finalit\u00e9: Donner acc\u00e8s aux produits en ligne, g\u00e9rer l\u2019envoi d\u2019information et de courriers commerciaux. L\u00e9gitimation : ton consentement. Destinataires : tes donn\u00e9es sont h\u00e9berg\u00e9es aupr\u00e8s de Mailchimp, avec pour titulaire The Rocket Science Group LLC, h\u00e9berg\u00e9 aux Etats-Unis et ayant souscrit \u00e0  l\u2019EU PrivacyShield. Tu peux exercer tes droits d\u2019acc\u00e8s, de rectification, de limitation ou de suppression de tes donn\u00e9es en envoyant un email \u00e0 info@aikidowaza.com.<\/p>\n<div class=\"wpcf7-response-output\" aria-hidden=\"true\"><\/div><\/form><\/div><\/div>\n","protected":false},"excerpt":{"rendered":"<p>Si tu veux entrer en contact avec nous, tu peux utiliser le formulaire suivant pour nous saluer, nous proposer une&#8230;  <a class=\"excerpt-read-more\" href=\"https:\/\/aikidowaza.com\/fr\/contact\/\" title=\"Read Contact\">Lire la suite &raquo;<\/a><\/p>\n","protected":false},"author":1,"featured_media":0,"parent":0,"menu_order":0,"comment_status":"closed","ping_status":"closed","template":"page-formulario.php","meta":[],"acf":[],"yoast_head":"<!-- This site is optimized with the Yoast SEO plugin v17.6 - https:\/\/yoast.com\/wordpress\/plugins\/seo\/ -->\n<meta name=\"robots\" content=\"noindex, follow\" \/>\n<meta property=\"og:locale\" content=\"fr_FR\" \/>\n<meta property=\"og:type\" content=\"article\" \/>\n<meta property=\"og:title\" content=\"Contact - AIKIDOWAZA\" \/>\n<meta property=\"og:description\" content=\"Si tu veux entrer en contact avec nous, tu peux utiliser le formulaire suivant pour nous saluer, nous proposer une... Lire la suite &raquo;\" \/>\n<meta property=\"og:url\" content=\"https:\/\/aikidowaza.com\/fr\/contact\/\" \/>\n<meta property=\"og:site_name\" content=\"AIKIDOWAZA\" \/>\n<meta property=\"article:modified_time\" content=\"2021-02-23T13:20:50+00:00\" \/>\n<meta name=\"twitter:card\" content=\"summary_large_image\" \/>\n<meta name=\"twitter:label1\" content=\"Dur\u00e9e de lecture estim\u00e9e\" \/>\n\t<meta name=\"twitter:data1\" content=\"1 minute\" \/>\n<script type=\"application\/ld+json\" class=\"yoast-schema-graph\">{\"@context\":\"https:\/\/schema.org\",\"@graph\":[{\"@type\":\"WebSite\",\"@id\":\"https:\/\/aikidowaza.com\/fr\/#website\",\"url\":\"https:\/\/aikidowaza.com\/fr\/\",\"name\":\"AIKIDOWAZA\",\"description\":\"\",\"potentialAction\":[{\"@type\":\"SearchAction\",\"target\":{\"@type\":\"EntryPoint\",\"urlTemplate\":\"https:\/\/aikidowaza.com\/fr\/?s={search_term_string}\"},\"query-input\":\"required name=search_term_string\"}],\"inLanguage\":\"fr-FR\"},{\"@type\":\"WebPage\",\"@id\":\"https:\/\/aikidowaza.com\/fr\/contact\/#webpage\",\"url\":\"https:\/\/aikidowaza.com\/fr\/contact\/\",\"name\":\"Contact - AIKIDOWAZA\",\"isPartOf\":{\"@id\":\"https:\/\/aikidowaza.com\/fr\/#website\"},\"datePublished\":\"2019-06-11T14:32:54+00:00\",\"dateModified\":\"2021-02-23T13:20:50+00:00\",\"breadcrumb\":{\"@id\":\"https:\/\/aikidowaza.com\/fr\/contact\/#breadcrumb\"},\"inLanguage\":\"fr-FR\",\"potentialAction\":[{\"@type\":\"ReadAction\",\"target\":[\"https:\/\/aikidowaza.com\/fr\/contact\/\"]}]},{\"@type\":\"BreadcrumbList\",\"@id\":\"https:\/\/aikidowaza.com\/fr\/contact\/#breadcrumb\",\"itemListElement\":[{\"@type\":\"ListItem\",\"position\":1,\"name\":\"Portada\",\"item\":\"https:\/\/aikidowaza.com\/fr\/\"},{\"@type\":\"ListItem\",\"position\":2,\"name\":\"Contact\"}]}]}<\/script>\n<!-- \/ Yoast SEO plugin. -->","yoast_head_json":{"robots":{"index":"noindex","follow":"follow"},"og_locale":"fr_FR","og_type":"article","og_title":"Contact - AIKIDOWAZA","og_description":"Si tu veux entrer en contact avec nous, tu peux utiliser le formulaire suivant pour nous saluer, nous proposer une... Lire la suite &raquo;","og_url":"https:\/\/aikidowaza.com\/fr\/contact\/","og_site_name":"AIKIDOWAZA","article_modified_time":"2021-02-23T13:20:50+00:00","twitter_card":"summary_large_image","twitter_misc":{"Dur\u00e9e de lecture estim\u00e9e":"1 minute"},"schema":{"@context":"https:\/\/schema.org","@graph":[{"@type":"WebSite","@id":"https:\/\/aikidowaza.com\/fr\/#website","url":"https:\/\/aikidowaza.com\/fr\/","name":"AIKIDOWAZA","description":"","potentialAction":[{"@type":"SearchAction","target":{"@type":"EntryPoint","urlTemplate":"https:\/\/aikidowaza.com\/fr\/?s={search_term_string}"},"query-input":"required name=search_term_string"}],"inLanguage":"fr-FR"},{"@type":"WebPage","@id":"https:\/\/aikidowaza.com\/fr\/contact\/#webpage","url":"https:\/\/aikidowaza.com\/fr\/contact\/","name":"Contact - AIKIDOWAZA","isPartOf":{"@id":"https:\/\/aikidowaza.com\/fr\/#website"},"datePublished":"2019-06-11T14:32:54+00:00","dateModified":"2021-02-23T13:20:50+00:00","breadcrumb":{"@id":"https:\/\/aikidowaza.com\/fr\/contact\/#breadcrumb"},"inLanguage":"fr-FR","potentialAction":[{"@type":"ReadAction","target":["https:\/\/aikidowaza.com\/fr\/contact\/"]}]},{"@type":"BreadcrumbList","@id":"https:\/\/aikidowaza.com\/fr\/contact\/#breadcrumb","itemListElement":[{"@type":"ListItem","position":1,"name":"Portada","item":"https:\/\/aikidowaza.com\/fr\/"},{"@type":"ListItem","position":2,"name":"Contact"}]}]}},"_links":{"self":[{"href":"https:\/\/aikidowaza.com\/fr\/wp-json\/wp\/v2\/pages\/48"}],"collection":[{"href":"https:\/\/aikidowaza.com\/fr\/wp-json\/wp\/v2\/pages"}],"about":[{"href":"https:\/\/aikidowaza.com\/fr\/wp-json\/wp\/v2\/types\/page"}],"author":[{"embeddable":true,"href":"https:\/\/aikidowaza.com\/fr\/wp-json\/wp\/v2\/users\/1"}],"replies":[{"embeddable":true,"href":"https:\/\/aikidowaza.com\/fr\/wp-json\/wp\/v2\/comments?post=48"}],"version-history":[{"count":2,"href":"https:\/\/aikidowaza.com\/fr\/wp-json\/wp\/v2\/pages\/48\/revisions"}],"predecessor-version":[{"id":684,"href":"https:\/\/aikidowaza.com\/fr\/wp-json\/wp\/v2\/pages\/48\/revisions\/684"}],"wp:attachment":[{"href":"https:\/\/aikidowaza.com\/fr\/wp-json\/wp\/v2\/media?parent=48"}],"curies":[{"name":"wp","href":"https:\/\/api.w.org\/{rel}","templated":true}]}}