{"id":71,"date":"2019-06-11T14:50:59","date_gmt":"2019-06-11T14:50:59","guid":{"rendered":"https:\/\/aikidowaza.com\/fr\/?page_id=71"},"modified":"2021-02-23T13:21:20","modified_gmt":"2021-02-23T13:21:20","slug":"abonnement-a-vie","status":"publish","type":"page","link":"https:\/\/aikidowaza.com\/fr\/inscription\/abonnement-a-vie\/","title":{"rendered":"Abonnement \u00e0 vie"},"content":{"rendered":"\n\t<h3 class=\"rcp_header\">\n\t\tEnregistrer un nouveau compte\t<\/h3>\n\n<form id=\"rcp_registration_form\" class=\"rcp_form\" method=\"POST\" action=\"https:\/\/aikidowaza.com\/fr\/wp-json\/wp\/v2\/pages\/71\/\">\n\n\t<div class=\"rcp_description\"><p>Paiement unique<\/p>\n<\/div>\n\n\t\n\t<div class=\"rcp_login_link\">\n\t\t<p><a href=\"https:\/\/aikidowaza.com\/fr\/wp-login.php?redirect_to=https%3A%2F%2Faikidowaza.com%2Ffr%2Fwp-json%2Fwp%2Fv2%2Fpages%2F71%2F\">Connectez-vous<\/a> pour renouveler ou modifier un abonnement existant.<\/p>\n\t<\/div>\n\n\t\n\t<fieldset class=\"rcp_user_fieldset\">\n\t\t<p id=\"rcp_user_login_wrap\">\n\t\t\t<label for=\"rcp_user_login\">Nom utilisateur<\/label>\n\t\t\t<input name=\"rcp_user_login\" id=\"rcp_user_login\" class=\"required\" type=\"text\" \/>\n\t\t<\/p>\n\t\t<p id=\"rcp_user_email_wrap\">\n\t\t\t<label for=\"rcp_user_email\">E-mail<\/label>\n\t\t\t<input name=\"rcp_user_email\" id=\"rcp_user_email\" class=\"required\" type=\"text\" \/>\n\t\t<\/p>\n\t\t<p id=\"rcp_user_first_wrap\">\n\t\t\t<label for=\"rcp_user_first\">Pr\u00e9nom<\/label>\n\t\t\t<input name=\"rcp_user_first\" id=\"rcp_user_first\" type=\"text\" \/>\n\t\t<\/p>\n\t\t<p id=\"rcp_user_last_wrap\">\n\t\t\t<label for=\"rcp_user_last\">Nom<\/label>\n\t\t\t<input name=\"rcp_user_last\" id=\"rcp_user_last\" type=\"text\" \/>\n\t\t<\/p>\n\t\t<p id=\"rcp_password_wrap\">\n\t\t\t<label for=\"rcp_password\">Mot de passe<\/label>\n\t\t\t<input name=\"rcp_user_pass\" id=\"rcp_password\" class=\"required\" type=\"password\"\/>\n\t\t<\/p>\n\t\t<p id=\"rcp_password_again_wrap\">\n\t\t\t<label for=\"rcp_password_again\">Mot de passe \u00e0 nouveau<\/label>\n\t\t\t<input name=\"rcp_user_pass_confirm\" id=\"rcp_password_again\" class=\"required\" type=\"password\"\/>\n\t\t<\/p>\n\n\t\t\n\t<\/fieldset>\n\t\n\t\n\t\t<fieldset class=\"rcp_discounts_fieldset\">\n\t\t<p id=\"rcp_discount_code_wrap\">\n\t\t\t<label for=\"rcp_discount_code\">\n\t\t\t\tCode de r\u00e9duction\t\t\t\t<span class=\"rcp_discount_valid\" style=\"display: none;\"> - Valide<\/span>\n\t\t\t\t<span class=\"rcp_discount_invalid\" style=\"display: none;\"> - Invalide<\/span>\n\t\t\t<\/label>\n\t\t\t<span class=\"rcp_discount_code_field_wrap\">\n\t\t\t\t<input type=\"text\" id=\"rcp_discount_code\" name=\"rcp_discount\" class=\"rcp_discount_code\" value=\"\"\/>\n\t\t\t\t<button class=\"rcp_button\" id=\"rcp_apply_discount\">Appliquer<\/button>\n\t\t\t<\/span>\n\t\t<\/p>\n\t<\/fieldset>\n\t\n\t\t<div class=\"rcp_registration_total\"><\/div>\n\t\n\t\n\t\t<div class=\"rcp_gateway_fields\">\n\t\t\t\t\t\t\t\t\t\t\t\t<input type=\"hidden\" name=\"rcp_gateway\" value=\"stripe\" data-supports-recurring=\"yes\" data-supports-trial=\"yes\"\/>\n\t\t\t\t\t\t\t\t\t<\/div>\n\n\t\n\t\t\t<fieldset class=\"rcp_agree_to_terms_fieldset\">\n\t\t\t<p id=\"rcp_agree_to_terms_wrap\">\n\t\t\t\t<input type=\"checkbox\" id=\"rcp_agree_to_terms\" name=\"rcp_agree_to_terms\" value=\"1\">\n\t\t\t\t<label for=\"rcp_agree_to_terms\">\n\t\t\t\t\tJ\u2019ai lu et j\u2019accepte les  <a href=\"https:\/\/aikidowaza.com\/fr\/termes-et-conditions\/\" target=\"_blank\">termes et conditions<\/a>\t\t\t\t<\/label>\n\t\t\t<\/p>\n\t\t<\/fieldset>\n\t\n\t\t\t<fieldset class=\"rcp_agree_to_privacy_policy_fieldset\">\n\t\t\t<p id=\"rcp_agree_to_privacy_policy_wrap\">\n\t\t\t\t<input type=\"checkbox\" id=\"rcp_agree_to_privacy_policy\" name=\"rcp_agree_to_privacy_policy\" value=\"1\">\n\t\t\t\t<label for=\"rcp_agree_to_privacy_policy\">\n\t\t\t\t\tJ\u2019ai lu et j\u2019accepte le <a href=\"https:\/\/aikidowaza.com\/fr\/politique-de-confidentialite\/\" target=\"_blank\">politique de confidentialit\u00e9<\/a>\t\t\t\t<\/label>\n\t\t\t<\/p>\n\t\t<\/fieldset>\n\t\n\t\t<input type=\"hidden\" id=\"rcp-registration-type\" name=\"registration_type\" value=\"\" \/>\n\t<input type=\"hidden\" id=\"rcp-membership-id\" name=\"membership_id\" value=\"0\" \/>\n\t<input type=\"hidden\" id=\"rcp-payment-id\" name=\"rcp_registration_payment_id\" value=\"0\" \/>\n\t<p><input id=\"rcp_activecampaign_signup\" name=\"rcp_activecampaign_signup\" type=\"checkbox\"  checked='checked' \/><label for=\"rcp_activecampaign_signup\">Recevoir la newsletter, les offres et les promotions<\/label><\/p>\n\t\n\t<p id=\"rcp_submit_wrap\">\n\t\t<input type=\"hidden\" name=\"rcp_level\" class=\"rcp_level\" value=\"3\" rel=\"247\"  \/>\n\t\t<input type=\"hidden\" name=\"rcp_register_nonce\" value=\"6c0ee69d7f\"\/>\n\t\t<input type=\"submit\" name=\"rcp_submit_registration\" id=\"rcp_submit\" class=\"rcp-button\" value=\"S&#039;inscrire\"\/>\n\t<\/p>\n<\/form>\n      <div class=\"pagos\">\n          <h3>Paiement s\u00e9curis\u00e9<\/h3>\n          <img src=\"https:\/\/aikidowaza.com\/fr\/wp-content\/themes\/aikidowaza\/images\/ico-pagos.png\" alt=\"\">\n      <\/div>\n     \n      <div class=\"text-legal\">\n          <p><strong>Informaci\u00f3n B\u00e1sica sobre Protecci\u00f3n de Datos<\/strong><\/p>\n\n          <p><strong>Responsable:<\/strong> YUB\u00c9N FERN\u00c1NDEZ GONZ\u00c1LEZ<\/p>   \n\n          <p><strong>Finalidad de la recogida y tratamiento de los datos personales:<\/strong> Gestionar la venta, prestar el servicio contratado y remitir boletines peri\u00f3dicos con informaci\u00f3n, oferta y promociones de productos o servicios de aikidowaza.com<\/p>\n              \n          <p><strong>Derechos:<\/strong> Podr\u00e1s ejercer tus derechos de acceso, rectificaci\u00f3n, limitaci\u00f3n y suprimir los datos en legal@aikidowaza.com as\u00ed como el derecho a presentar una reclamaci\u00f3n ante una autoridad de control.<\/p>\n\n          <p><strong>Informaci\u00f3n adicional:<\/strong> En la <a href=\"https:\/\/aikidowaza.com\/politica-de-privacidad\/\" target=\"_blank\">pol\u00edtica de privacidad<\/a> de aikidowaza.com encontrar\u00e1s informaci\u00f3n adicional sobre la recopilaci\u00f3n y el uso de su informaci\u00f3n personal por parte de aikidowaza.com, incluida informaci\u00f3n sobre acceso, conservaci\u00f3n, rectificaci\u00f3n, eliminaci\u00f3n, seguridad y otros temas.<\/p>      <\/div>\n    \n","protected":false},"excerpt":{"rendered":"","protected":false},"author":1,"featured_media":0,"parent":50,"menu_order":0,"comment_status":"closed","ping_status":"closed","template":"page-landing.php","meta":[],"acf":[],"yoast_head":"<!-- This site is optimized with the Yoast SEO plugin v17.6 - https:\/\/yoast.com\/wordpress\/plugins\/seo\/ -->\n<meta name=\"robots\" content=\"noindex, follow\" \/>\n<meta property=\"og:locale\" content=\"fr_FR\" \/>\n<meta property=\"og:type\" content=\"article\" \/>\n<meta property=\"og:title\" content=\"Abonnement \u00e0 vie - AIKIDOWAZA\" \/>\n<meta property=\"og:url\" content=\"https:\/\/aikidowaza.com\/fr\/inscription\/abonnement-a-vie\/\" \/>\n<meta property=\"og:site_name\" content=\"AIKIDOWAZA\" \/>\n<meta property=\"article:modified_time\" content=\"2021-02-23T13:21:20+00:00\" \/>\n<meta name=\"twitter:card\" content=\"summary_large_image\" \/>\n<meta name=\"twitter:label1\" content=\"Dur\u00e9e de lecture estim\u00e9e\" \/>\n\t<meta name=\"twitter:data1\" content=\"1 minute\" \/>\n<script type=\"application\/ld+json\" class=\"yoast-schema-graph\">{\"@context\":\"https:\/\/schema.org\",\"@graph\":[{\"@type\":\"WebSite\",\"@id\":\"https:\/\/aikidowaza.com\/fr\/#website\",\"url\":\"https:\/\/aikidowaza.com\/fr\/\",\"name\":\"AIKIDOWAZA\",\"description\":\"\",\"potentialAction\":[{\"@type\":\"SearchAction\",\"target\":{\"@type\":\"EntryPoint\",\"urlTemplate\":\"https:\/\/aikidowaza.com\/fr\/?s={search_term_string}\"},\"query-input\":\"required name=search_term_string\"}],\"inLanguage\":\"fr-FR\"},{\"@type\":\"WebPage\",\"@id\":\"https:\/\/aikidowaza.com\/fr\/inscription\/abonnement-a-vie\/#webpage\",\"url\":\"https:\/\/aikidowaza.com\/fr\/inscription\/abonnement-a-vie\/\",\"name\":\"Abonnement \\u00e0 vie - AIKIDOWAZA\",\"isPartOf\":{\"@id\":\"https:\/\/aikidowaza.com\/fr\/#website\"},\"datePublished\":\"2019-06-11T14:50:59+00:00\",\"dateModified\":\"2021-02-23T13:21:20+00:00\",\"breadcrumb\":{\"@id\":\"https:\/\/aikidowaza.com\/fr\/inscription\/abonnement-a-vie\/#breadcrumb\"},\"inLanguage\":\"fr-FR\",\"potentialAction\":[{\"@type\":\"ReadAction\",\"target\":[\"https:\/\/aikidowaza.com\/fr\/inscription\/abonnement-a-vie\/\"]}]},{\"@type\":\"BreadcrumbList\",\"@id\":\"https:\/\/aikidowaza.com\/fr\/inscription\/abonnement-a-vie\/#breadcrumb\",\"itemListElement\":[{\"@type\":\"ListItem\",\"position\":1,\"name\":\"Portada\",\"item\":\"https:\/\/aikidowaza.com\/fr\/\"},{\"@type\":\"ListItem\",\"position\":2,\"name\":\"Inscription\",\"item\":\"https:\/\/aikidowaza.com\/fr\/inscription\/\"},{\"@type\":\"ListItem\",\"position\":3,\"name\":\"Abonnement \\u00e0 vie\"}]}]}<\/script>\n<!-- \/ Yoast SEO plugin. -->","yoast_head_json":{"robots":{"index":"noindex","follow":"follow"},"og_locale":"fr_FR","og_type":"article","og_title":"Abonnement \u00e0 vie - AIKIDOWAZA","og_url":"https:\/\/aikidowaza.com\/fr\/inscription\/abonnement-a-vie\/","og_site_name":"AIKIDOWAZA","article_modified_time":"2021-02-23T13:21:20+00:00","twitter_card":"summary_large_image","twitter_misc":{"Dur\u00e9e de lecture estim\u00e9e":"1 minute"},"schema":{"@context":"https:\/\/schema.org","@graph":[{"@type":"WebSite","@id":"https:\/\/aikidowaza.com\/fr\/#website","url":"https:\/\/aikidowaza.com\/fr\/","name":"AIKIDOWAZA","description":"","potentialAction":[{"@type":"SearchAction","target":{"@type":"EntryPoint","urlTemplate":"https:\/\/aikidowaza.com\/fr\/?s={search_term_string}"},"query-input":"required name=search_term_string"}],"inLanguage":"fr-FR"},{"@type":"WebPage","@id":"https:\/\/aikidowaza.com\/fr\/inscription\/abonnement-a-vie\/#webpage","url":"https:\/\/aikidowaza.com\/fr\/inscription\/abonnement-a-vie\/","name":"Abonnement \u00e0 vie - AIKIDOWAZA","isPartOf":{"@id":"https:\/\/aikidowaza.com\/fr\/#website"},"datePublished":"2019-06-11T14:50:59+00:00","dateModified":"2021-02-23T13:21:20+00:00","breadcrumb":{"@id":"https:\/\/aikidowaza.com\/fr\/inscription\/abonnement-a-vie\/#breadcrumb"},"inLanguage":"fr-FR","potentialAction":[{"@type":"ReadAction","target":["https:\/\/aikidowaza.com\/fr\/inscription\/abonnement-a-vie\/"]}]},{"@type":"BreadcrumbList","@id":"https:\/\/aikidowaza.com\/fr\/inscription\/abonnement-a-vie\/#breadcrumb","itemListElement":[{"@type":"ListItem","position":1,"name":"Portada","item":"https:\/\/aikidowaza.com\/fr\/"},{"@type":"ListItem","position":2,"name":"Inscription","item":"https:\/\/aikidowaza.com\/fr\/inscription\/"},{"@type":"ListItem","position":3,"name":"Abonnement \u00e0 vie"}]}]}},"_links":{"self":[{"href":"https:\/\/aikidowaza.com\/fr\/wp-json\/wp\/v2\/pages\/71"}],"collection":[{"href":"https:\/\/aikidowaza.com\/fr\/wp-json\/wp\/v2\/pages"}],"about":[{"href":"https:\/\/aikidowaza.com\/fr\/wp-json\/wp\/v2\/types\/page"}],"author":[{"embeddable":true,"href":"https:\/\/aikidowaza.com\/fr\/wp-json\/wp\/v2\/users\/1"}],"replies":[{"embeddable":true,"href":"https:\/\/aikidowaza.com\/fr\/wp-json\/wp\/v2\/comments?post=71"}],"version-history":[{"count":3,"href":"https:\/\/aikidowaza.com\/fr\/wp-json\/wp\/v2\/pages\/71\/revisions"}],"predecessor-version":[{"id":687,"href":"https:\/\/aikidowaza.com\/fr\/wp-json\/wp\/v2\/pages\/71\/revisions\/687"}],"up":[{"embeddable":true,"href":"https:\/\/aikidowaza.com\/fr\/wp-json\/wp\/v2\/pages\/50"}],"wp:attachment":[{"href":"https:\/\/aikidowaza.com\/fr\/wp-json\/wp\/v2\/media?parent=71"}],"curies":[{"name":"wp","href":"https:\/\/api.w.org\/{rel}","templated":true}]}}