{"id":44,"date":"2019-06-11T13:19:04","date_gmt":"2019-06-11T13:19:04","guid":{"rendered":"https:\/\/aikidowaza.com\/fr\/?page_id=44"},"modified":"2021-02-23T13:14:27","modified_gmt":"2021-02-23T13:14:27","slug":"pomoz-nam-ulepszyc-nasz-serwis","status":"publish","type":"page","link":"https:\/\/aikidowaza.com\/pl\/pomoz-nam-ulepszyc-nasz-serwis\/","title":{"rendered":"Pom\u00f3\u017c nam ulepszy\u0107 nasz serwis"},"content":{"rendered":"\n<p>Naszym celem jest ci\u0105g\u0142e ulepszanie i codzienne doskonalenie strony internetowej. Mo\u017cesz przesy\u0142a\u0107 nam sugestie lub pomys\u0142y na ulepszenia za po\u015brednictwem poni\u017cszego formularza, bardzo nam r\u00f3wnie\u017c pomo\u017ce powiadomienie nas o wszelkich b\u0142\u0119dach, kt\u00f3re m\u00f3g\u0142by\u015b znale\u017a\u0107.<\/p>\n\n\n\n<div class=\"wp-block-contact-form-7-contact-form-selector\"><div role=\"form\" class=\"wpcf7\" id=\"wpcf7-f45-o1\" lang=\"es-ES\" dir=\"ltr\">\n<div class=\"screen-reader-response\"><p role=\"status\" aria-live=\"polite\" aria-atomic=\"true\"><\/p> <ul><\/ul><\/div>\n<form action=\"\/pl\/wp-json\/wp\/v2\/pages\/44#wpcf7-f45-o1\" method=\"post\" class=\"wpcf7-form init\" novalidate=\"novalidate\" data-status=\"init\">\n<div style=\"display: none;\">\n<input type=\"hidden\" name=\"_wpcf7\" value=\"45\" \/>\n<input type=\"hidden\" name=\"_wpcf7_version\" value=\"5.5.2\" \/>\n<input type=\"hidden\" name=\"_wpcf7_locale\" value=\"es_ES\" \/>\n<input type=\"hidden\" name=\"_wpcf7_unit_tag\" value=\"wpcf7-f45-o1\" \/>\n<input type=\"hidden\" name=\"_wpcf7_container_post\" value=\"0\" \/>\n<input type=\"hidden\" name=\"_wpcf7_posted_data_hash\" value=\"\" \/>\n<input type=\"hidden\" name=\"_wpcf7_recaptcha_response\" value=\"\" \/>\n<\/div>\n<p><label for=\"nombre\">Twoje imi\u0119 <span class=\"detalle\">*<\/span><\/label><br \/>\n<span class=\"wpcf7-form-control-wrap tu-nombre\"><input type=\"text\" name=\"tu-nombre\" value=\"\" size=\"40\" class=\"wpcf7-form-control wpcf7-text wpcf7-validates-as-required\" id=\"nombre\" aria-required=\"true\" aria-invalid=\"false\" \/><\/span><\/p>\n<p><label for=\"email\">Tw\u00f3j email <span class=\"detalle\">*<\/span><\/label><br \/>\n<span class=\"wpcf7-form-control-wrap tu-email\"><input type=\"email\" name=\"tu-email\" value=\"\" size=\"40\" class=\"wpcf7-form-control wpcf7-text wpcf7-email wpcf7-validates-as-required wpcf7-validates-as-email\" id=\"email\" aria-required=\"true\" aria-invalid=\"false\" \/><\/span><\/p>\n<p><label for=\"asunto\">Sprawa<\/label><br \/>\n<span class=\"wpcf7-form-control-wrap tu-asunto\"><input type=\"text\" name=\"tu-asunto\" value=\"\" size=\"40\" class=\"wpcf7-form-control wpcf7-text\" id=\"asunto\" aria-invalid=\"false\" \/><\/span> <\/p>\n<p><label for=\"mensaje\">Twoja wiadomo\u015b\u0107 <span class=\"detalle\">*<\/span><\/label><br \/>\n<span class=\"wpcf7-form-control-wrap tu-mensaje\"><textarea name=\"tu-mensaje\" cols=\"40\" rows=\"10\" class=\"wpcf7-form-control wpcf7-textarea wpcf7-validates-as-required\" id=\"mensaje\" aria-required=\"true\" aria-invalid=\"false\"><\/textarea><\/span> <\/p>\n<p><label><span class=\"wpcf7-form-control-wrap acceptance-935\"><span class=\"wpcf7-form-control wpcf7-acceptance\"><span class=\"wpcf7-list-item\"><label><input type=\"checkbox\" name=\"acceptance-935\" value=\"1\" aria-invalid=\"false\" \/><span class=\"wpcf7-list-item-label\">Przeczyta\u0142em i akceptuj\u0119 <a href=\"https:\/\/aikidowaza.com\/pl\/polityka-prywatnosci\/\" target=\"_blank\">polityka prywatno\u015bci<\/a> <span class=\"detalle\">*<\/span><\/span><\/label><\/span><\/span><\/span><\/label><\/p>\n<p><span class=\"detalle\">*<\/span> Wymagane pola<\/p>\n<p><input type=\"submit\" value=\"Wys\u0142a\u0107\" class=\"wpcf7-form-control has-spinner wpcf7-submit\" \/><\/p>\n<p class=\"text-legal\">Osoba odpowiedzialna za plik: Yub\u00e9n Fern\u00e1ndez Gonz\u00e1lez. Cel: Zapewnienie dost\u0119pu do produkt\u00f3w online, zarz\u0105dzanie wysy\u0142aniem informacji i handlowych wiadomo\u015bci e-mail. Legitymacja: Twoja zgoda. Odbiorcy: Twoje dane s\u0105 przechowywane w Mailchimp z w\u0142a\u015bcicielem The Rocket Science Group LLC, hostowane w USA i obj\u0119te subskrypcj\u0105 EU PrivacyShield. Mo\u017cesz skorzysta\u0107 z prawa dost\u0119pu, sprostowania, ograniczenia lub usuni\u0119cia swoich danych, wysy\u0142aj\u0105c wiadomo\u015b\u0107 e-mail na adres info@aikidowaza.com.<\/p>\n<div class=\"wpcf7-response-output\" aria-hidden=\"true\"><\/div><\/form><\/div><\/div>\n","protected":false},"excerpt":{"rendered":"<p>Naszym celem jest ci\u0105g\u0142e ulepszanie i codzienne doskonalenie strony internetowej. Mo\u017cesz przesy\u0142a\u0107 nam sugestie lub pomys\u0142y na ulepszenia za po\u015brednictwem&#8230;  <a class=\"excerpt-read-more\" href=\"https:\/\/aikidowaza.com\/pl\/pomoz-nam-ulepszyc-nasz-serwis\/\" title=\"Read Pom\u00f3\u017c nam ulepszy\u0107 nasz serwis\">Czytaj dalej &raquo;<\/a><\/p>\n","protected":false},"author":1,"featured_media":0,"parent":0,"menu_order":0,"comment_status":"closed","ping_status":"closed","template":"page-formulario.php","meta":[],"acf":[],"yoast_head":"<!-- This site is optimized with the Yoast SEO plugin v17.6 - https:\/\/yoast.com\/wordpress\/plugins\/seo\/ -->\n<meta name=\"robots\" content=\"noindex, follow\" \/>\n<meta property=\"og:locale\" content=\"pl_PL\" \/>\n<meta property=\"og:type\" content=\"article\" \/>\n<meta property=\"og:title\" content=\"Pom\u00f3\u017c nam ulepszy\u0107 nasz serwis - AIKIDOWAZA\" \/>\n<meta property=\"og:description\" content=\"Naszym celem jest ci\u0105g\u0142e ulepszanie i codzienne doskonalenie strony internetowej. Mo\u017cesz przesy\u0142a\u0107 nam sugestie lub pomys\u0142y na ulepszenia za po\u015brednictwem... Czytaj dalej &raquo;\" \/>\n<meta property=\"og:url\" content=\"https:\/\/aikidowaza.com\/pl\/pomoz-nam-ulepszyc-nasz-serwis\/\" \/>\n<meta property=\"og:site_name\" content=\"AIKIDOWAZA\" \/>\n<meta property=\"article:modified_time\" content=\"2021-02-23T13:14:27+00:00\" \/>\n<meta name=\"twitter:card\" content=\"summary_large_image\" \/>\n<meta name=\"twitter:label1\" content=\"Szacowany czas czytania\" \/>\n\t<meta name=\"twitter:data1\" content=\"1 minuta\" \/>\n<script type=\"application\/ld+json\" class=\"yoast-schema-graph\">{\"@context\":\"https:\/\/schema.org\",\"@graph\":[{\"@type\":\"WebSite\",\"@id\":\"https:\/\/aikidowaza.com\/pl\/#website\",\"url\":\"https:\/\/aikidowaza.com\/pl\/\",\"name\":\"AIKIDOWAZA\",\"description\":\"\",\"potentialAction\":[{\"@type\":\"SearchAction\",\"target\":{\"@type\":\"EntryPoint\",\"urlTemplate\":\"https:\/\/aikidowaza.com\/pl\/?s={search_term_string}\"},\"query-input\":\"required name=search_term_string\"}],\"inLanguage\":\"pl-PL\"},{\"@type\":\"WebPage\",\"@id\":\"https:\/\/aikidowaza.com\/pl\/pomoz-nam-ulepszyc-nasz-serwis\/#webpage\",\"url\":\"https:\/\/aikidowaza.com\/pl\/pomoz-nam-ulepszyc-nasz-serwis\/\",\"name\":\"Pom\\u00f3\\u017c nam ulepszy\\u0107 nasz serwis - AIKIDOWAZA\",\"isPartOf\":{\"@id\":\"https:\/\/aikidowaza.com\/pl\/#website\"},\"datePublished\":\"2019-06-11T13:19:04+00:00\",\"dateModified\":\"2021-02-23T13:14:27+00:00\",\"breadcrumb\":{\"@id\":\"https:\/\/aikidowaza.com\/pl\/pomoz-nam-ulepszyc-nasz-serwis\/#breadcrumb\"},\"inLanguage\":\"pl-PL\",\"potentialAction\":[{\"@type\":\"ReadAction\",\"target\":[\"https:\/\/aikidowaza.com\/pl\/pomoz-nam-ulepszyc-nasz-serwis\/\"]}]},{\"@type\":\"BreadcrumbList\",\"@id\":\"https:\/\/aikidowaza.com\/pl\/pomoz-nam-ulepszyc-nasz-serwis\/#breadcrumb\",\"itemListElement\":[{\"@type\":\"ListItem\",\"position\":1,\"name\":\"Portada\",\"item\":\"https:\/\/aikidowaza.com\/pl\/\"},{\"@type\":\"ListItem\",\"position\":2,\"name\":\"Pom\\u00f3\\u017c nam ulepszy\\u0107 nasz serwis\"}]}]}<\/script>\n<!-- \/ Yoast SEO plugin. -->","yoast_head_json":{"robots":{"index":"noindex","follow":"follow"},"og_locale":"pl_PL","og_type":"article","og_title":"Pom\u00f3\u017c nam ulepszy\u0107 nasz serwis - AIKIDOWAZA","og_description":"Naszym celem jest ci\u0105g\u0142e ulepszanie i codzienne doskonalenie strony internetowej. Mo\u017cesz przesy\u0142a\u0107 nam sugestie lub pomys\u0142y na ulepszenia za po\u015brednictwem... Czytaj dalej &raquo;","og_url":"https:\/\/aikidowaza.com\/pl\/pomoz-nam-ulepszyc-nasz-serwis\/","og_site_name":"AIKIDOWAZA","article_modified_time":"2021-02-23T13:14:27+00:00","twitter_card":"summary_large_image","twitter_misc":{"Szacowany czas czytania":"1 minuta"},"schema":{"@context":"https:\/\/schema.org","@graph":[{"@type":"WebSite","@id":"https:\/\/aikidowaza.com\/pl\/#website","url":"https:\/\/aikidowaza.com\/pl\/","name":"AIKIDOWAZA","description":"","potentialAction":[{"@type":"SearchAction","target":{"@type":"EntryPoint","urlTemplate":"https:\/\/aikidowaza.com\/pl\/?s={search_term_string}"},"query-input":"required name=search_term_string"}],"inLanguage":"pl-PL"},{"@type":"WebPage","@id":"https:\/\/aikidowaza.com\/pl\/pomoz-nam-ulepszyc-nasz-serwis\/#webpage","url":"https:\/\/aikidowaza.com\/pl\/pomoz-nam-ulepszyc-nasz-serwis\/","name":"Pom\u00f3\u017c nam ulepszy\u0107 nasz serwis - AIKIDOWAZA","isPartOf":{"@id":"https:\/\/aikidowaza.com\/pl\/#website"},"datePublished":"2019-06-11T13:19:04+00:00","dateModified":"2021-02-23T13:14:27+00:00","breadcrumb":{"@id":"https:\/\/aikidowaza.com\/pl\/pomoz-nam-ulepszyc-nasz-serwis\/#breadcrumb"},"inLanguage":"pl-PL","potentialAction":[{"@type":"ReadAction","target":["https:\/\/aikidowaza.com\/pl\/pomoz-nam-ulepszyc-nasz-serwis\/"]}]},{"@type":"BreadcrumbList","@id":"https:\/\/aikidowaza.com\/pl\/pomoz-nam-ulepszyc-nasz-serwis\/#breadcrumb","itemListElement":[{"@type":"ListItem","position":1,"name":"Portada","item":"https:\/\/aikidowaza.com\/pl\/"},{"@type":"ListItem","position":2,"name":"Pom\u00f3\u017c nam ulepszy\u0107 nasz serwis"}]}]}},"_links":{"self":[{"href":"https:\/\/aikidowaza.com\/pl\/wp-json\/wp\/v2\/pages\/44"}],"collection":[{"href":"https:\/\/aikidowaza.com\/pl\/wp-json\/wp\/v2\/pages"}],"about":[{"href":"https:\/\/aikidowaza.com\/pl\/wp-json\/wp\/v2\/types\/page"}],"author":[{"embeddable":true,"href":"https:\/\/aikidowaza.com\/pl\/wp-json\/wp\/v2\/users\/1"}],"replies":[{"embeddable":true,"href":"https:\/\/aikidowaza.com\/pl\/wp-json\/wp\/v2\/comments?post=44"}],"version-history":[{"count":7,"href":"https:\/\/aikidowaza.com\/pl\/wp-json\/wp\/v2\/pages\/44\/revisions"}],"predecessor-version":[{"id":875,"href":"https:\/\/aikidowaza.com\/pl\/wp-json\/wp\/v2\/pages\/44\/revisions\/875"}],"wp:attachment":[{"href":"https:\/\/aikidowaza.com\/pl\/wp-json\/wp\/v2\/media?parent=44"}],"curies":[{"name":"wp","href":"https:\/\/api.w.org\/{rel}","templated":true}]}}