{"id":71,"date":"2019-06-11T14:50:59","date_gmt":"2019-06-11T14:50:59","guid":{"rendered":"https:\/\/aikidowaza.com\/fr\/?page_id=71"},"modified":"2021-02-23T13:14:40","modified_gmt":"2021-02-23T13:14:40","slug":"dozywotnia-subskrypcja","status":"publish","type":"page","link":"https:\/\/aikidowaza.com\/pl\/rejestracja\/dozywotnia-subskrypcja\/","title":{"rendered":"Do\u017cywotnia subskrypcja"},"content":{"rendered":"\n\t<h3 class=\"rcp_header\">\n\t\tZarejestruj nowe konto\t<\/h3>\n\n<form id=\"rcp_registration_form\" class=\"rcp_form\" method=\"POST\" action=\"https:\/\/aikidowaza.com\/pl\/wp-json\/wp\/v2\/pages\/71\/\">\n\n\t<div class=\"rcp_description\"><p>P\u0142atno\u015b\u0107 jednorazowa<\/p>\n<\/div>\n\n\t\n\t<div class=\"rcp_login_link\">\n\t\t<p><a href=\"https:\/\/aikidowaza.com\/pl\/wp-login.php?redirect_to=https%3A%2F%2Faikidowaza.com%2Fpl%2Fwp-json%2Fwp%2Fv2%2Fpages%2F71%2F\">Log in<\/a> to renew or change an existing membership.<\/p>\n\t<\/div>\n\n\t\n\t<fieldset class=\"rcp_user_fieldset\">\n\t\t<p id=\"rcp_user_login_wrap\">\n\t\t\t<label for=\"rcp_user_login\">Nazwa u\u017cytkownika<\/label>\n\t\t\t<input name=\"rcp_user_login\" id=\"rcp_user_login\" class=\"required\" type=\"text\" \/>\n\t\t<\/p>\n\t\t<p id=\"rcp_user_email_wrap\">\n\t\t\t<label for=\"rcp_user_email\">Email<\/label>\n\t\t\t<input name=\"rcp_user_email\" id=\"rcp_user_email\" class=\"required\" type=\"text\" \/>\n\t\t<\/p>\n\t\t<p id=\"rcp_user_first_wrap\">\n\t\t\t<label for=\"rcp_user_first\">Imi\u0119<\/label>\n\t\t\t<input name=\"rcp_user_first\" id=\"rcp_user_first\" type=\"text\" \/>\n\t\t<\/p>\n\t\t<p id=\"rcp_user_last_wrap\">\n\t\t\t<label for=\"rcp_user_last\">Nazwisko<\/label>\n\t\t\t<input name=\"rcp_user_last\" id=\"rcp_user_last\" type=\"text\" \/>\n\t\t<\/p>\n\t\t<p id=\"rcp_password_wrap\">\n\t\t\t<label for=\"rcp_password\">Has\u0142o<\/label>\n\t\t\t<input name=\"rcp_user_pass\" id=\"rcp_password\" class=\"required\" type=\"password\"\/>\n\t\t<\/p>\n\t\t<p id=\"rcp_password_again_wrap\">\n\t\t\t<label for=\"rcp_password_again\">Powt\u00f3rz has\u0142o<\/label>\n\t\t\t<input name=\"rcp_user_pass_confirm\" id=\"rcp_password_again\" class=\"required\" type=\"password\"\/>\n\t\t<\/p>\n\n\t\t\n\t<\/fieldset>\n\t\n\t\n\t\n\t\t<div class=\"rcp_registration_total\"><\/div>\n\t\n\t\n\t\t<div class=\"rcp_gateway_fields\">\n\t\t\t\t\t\t\t\t\t\t\t\t<input type=\"hidden\" name=\"rcp_gateway\" value=\"stripe\" data-supports-recurring=\"yes\" data-supports-trial=\"yes\"\/>\n\t\t\t\t\t\t\t\t\t<\/div>\n\n\t\n\t\t\t<fieldset class=\"rcp_agree_to_terms_fieldset\">\n\t\t\t<p id=\"rcp_agree_to_terms_wrap\">\n\t\t\t\t<input type=\"checkbox\" id=\"rcp_agree_to_terms\" name=\"rcp_agree_to_terms\" value=\"1\">\n\t\t\t\t<label for=\"rcp_agree_to_terms\">\n\t\t\t\t\tPrzeczyta\u0142em i akceptuj\u0119 <a href=\"https:\/\/aikidowaza.com\/pl\/regulamin\/\" target=\"_blank\">regulamin<\/a>\t\t\t\t<\/label>\n\t\t\t<\/p>\n\t\t<\/fieldset>\n\t\n\t\t\t<fieldset class=\"rcp_agree_to_privacy_policy_fieldset\">\n\t\t\t<p id=\"rcp_agree_to_privacy_policy_wrap\">\n\t\t\t\t<input type=\"checkbox\" id=\"rcp_agree_to_privacy_policy\" name=\"rcp_agree_to_privacy_policy\" value=\"1\">\n\t\t\t\t<label for=\"rcp_agree_to_privacy_policy\">\n\t\t\t\t\tPrzeczyta\u0142em i akceptuj\u0119 <a href=\"https:\/\/aikidowaza.com\/pl\/polityka-prywatnosci\/\" target=\"_blank\">polityka prywatno\u015bci<\/a>\t\t\t\t<\/label>\n\t\t\t<\/p>\n\t\t<\/fieldset>\n\t\n\t\t<input type=\"hidden\" id=\"rcp-registration-type\" name=\"registration_type\" value=\"\" \/>\n\t<input type=\"hidden\" id=\"rcp-membership-id\" name=\"membership_id\" value=\"0\" \/>\n\t<input type=\"hidden\" id=\"rcp-payment-id\" name=\"rcp_registration_payment_id\" value=\"0\" \/>\n\t<p><input id=\"rcp_activecampaign_signup\" name=\"rcp_activecampaign_signup\" type=\"checkbox\"  checked='checked' \/><label for=\"rcp_activecampaign_signup\">Otrzymuj newsletter, oferty i promocje<\/label><\/p>\n\t\n\t<p id=\"rcp_submit_wrap\">\n\t\t<input type=\"hidden\" name=\"rcp_level\" class=\"rcp_level\" value=\"2\" rel=\"247\"  \/>\n\t\t<input type=\"hidden\" name=\"rcp_register_nonce\" value=\"fb04764b65\"\/>\n\t\t<input type=\"submit\" name=\"rcp_submit_registration\" id=\"rcp_submit\" class=\"rcp-button\" value=\"Rejestruj\"\/>\n\t<\/p>\n<\/form>\n      <div class=\"pagos\">\n          <h3>Bezpieczna p\u0142atno\u015b\u0107<\/h3>\n          <img src=\"https:\/\/aikidowaza.com\/pl\/wp-content\/themes\/aikidowaza\/images\/ico-pagos.png\" alt=\"\">\n      <\/div>\n     \n      <div class=\"text-legal\">\n          <p><strong>Informaci\u00f3n B\u00e1sica sobre Protecci\u00f3n de Datos<\/strong><\/p>\n\n          <p><strong>Responsable:<\/strong> YUB\u00c9N FERN\u00c1NDEZ GONZ\u00c1LEZ<\/p>   \n\n          <p><strong>Finalidad de la recogida y tratamiento de los datos personales:<\/strong> Gestionar la venta, prestar el servicio contratado y remitir boletines peri\u00f3dicos con informaci\u00f3n, oferta y promociones de productos o servicios de aikidowaza.com<\/p>\n              \n          <p><strong>Derechos:<\/strong> Podr\u00e1s ejercer tus derechos de acceso, rectificaci\u00f3n, limitaci\u00f3n y suprimir los datos en legal@aikidowaza.com as\u00ed como el derecho a presentar una reclamaci\u00f3n ante una autoridad de control.<\/p>\n\n          <p><strong>Informaci\u00f3n adicional:<\/strong> En la <a href=\"https:\/\/aikidowaza.com\/politica-de-privacidad\/\" target=\"_blank\">pol\u00edtica de privacidad<\/a> de aikidowaza.com encontrar\u00e1s informaci\u00f3n adicional sobre la recopilaci\u00f3n y el uso de su informaci\u00f3n personal por parte de aikidowaza.com, incluida informaci\u00f3n sobre acceso, conservaci\u00f3n, rectificaci\u00f3n, eliminaci\u00f3n, seguridad y otros temas.<\/p>      <\/div>\n    \n","protected":false},"excerpt":{"rendered":"","protected":false},"author":1,"featured_media":0,"parent":50,"menu_order":0,"comment_status":"closed","ping_status":"closed","template":"page-landing.php","meta":[],"acf":[],"yoast_head":"<!-- This site is optimized with the Yoast SEO plugin v17.6 - https:\/\/yoast.com\/wordpress\/plugins\/seo\/ -->\n<meta name=\"robots\" content=\"noindex, follow\" \/>\n<meta property=\"og:locale\" content=\"pl_PL\" \/>\n<meta property=\"og:type\" content=\"article\" \/>\n<meta property=\"og:title\" content=\"Do\u017cywotnia subskrypcja - AIKIDOWAZA\" \/>\n<meta property=\"og:url\" content=\"https:\/\/aikidowaza.com\/pl\/rejestracja\/dozywotnia-subskrypcja\/\" \/>\n<meta property=\"og:site_name\" content=\"AIKIDOWAZA\" \/>\n<meta property=\"article:modified_time\" content=\"2021-02-23T13:14:40+00:00\" \/>\n<meta name=\"twitter:card\" content=\"summary_large_image\" \/>\n<meta name=\"twitter:label1\" content=\"Szacowany czas czytania\" \/>\n\t<meta name=\"twitter:data1\" content=\"1 minuta\" \/>\n<script type=\"application\/ld+json\" class=\"yoast-schema-graph\">{\"@context\":\"https:\/\/schema.org\",\"@graph\":[{\"@type\":\"WebSite\",\"@id\":\"https:\/\/aikidowaza.com\/pl\/#website\",\"url\":\"https:\/\/aikidowaza.com\/pl\/\",\"name\":\"AIKIDOWAZA\",\"description\":\"\",\"potentialAction\":[{\"@type\":\"SearchAction\",\"target\":{\"@type\":\"EntryPoint\",\"urlTemplate\":\"https:\/\/aikidowaza.com\/pl\/?s={search_term_string}\"},\"query-input\":\"required name=search_term_string\"}],\"inLanguage\":\"pl-PL\"},{\"@type\":\"WebPage\",\"@id\":\"https:\/\/aikidowaza.com\/pl\/rejestracja\/dozywotnia-subskrypcja\/#webpage\",\"url\":\"https:\/\/aikidowaza.com\/pl\/rejestracja\/dozywotnia-subskrypcja\/\",\"name\":\"Do\\u017cywotnia subskrypcja - AIKIDOWAZA\",\"isPartOf\":{\"@id\":\"https:\/\/aikidowaza.com\/pl\/#website\"},\"datePublished\":\"2019-06-11T14:50:59+00:00\",\"dateModified\":\"2021-02-23T13:14:40+00:00\",\"breadcrumb\":{\"@id\":\"https:\/\/aikidowaza.com\/pl\/rejestracja\/dozywotnia-subskrypcja\/#breadcrumb\"},\"inLanguage\":\"pl-PL\",\"potentialAction\":[{\"@type\":\"ReadAction\",\"target\":[\"https:\/\/aikidowaza.com\/pl\/rejestracja\/dozywotnia-subskrypcja\/\"]}]},{\"@type\":\"BreadcrumbList\",\"@id\":\"https:\/\/aikidowaza.com\/pl\/rejestracja\/dozywotnia-subskrypcja\/#breadcrumb\",\"itemListElement\":[{\"@type\":\"ListItem\",\"position\":1,\"name\":\"Portada\",\"item\":\"https:\/\/aikidowaza.com\/pl\/\"},{\"@type\":\"ListItem\",\"position\":2,\"name\":\"Rejestracja\",\"item\":\"https:\/\/aikidowaza.com\/pl\/rejestracja\/\"},{\"@type\":\"ListItem\",\"position\":3,\"name\":\"Do\\u017cywotnia subskrypcja\"}]}]}<\/script>\n<!-- \/ Yoast SEO plugin. -->","yoast_head_json":{"robots":{"index":"noindex","follow":"follow"},"og_locale":"pl_PL","og_type":"article","og_title":"Do\u017cywotnia subskrypcja - AIKIDOWAZA","og_url":"https:\/\/aikidowaza.com\/pl\/rejestracja\/dozywotnia-subskrypcja\/","og_site_name":"AIKIDOWAZA","article_modified_time":"2021-02-23T13:14:40+00:00","twitter_card":"summary_large_image","twitter_misc":{"Szacowany czas czytania":"1 minuta"},"schema":{"@context":"https:\/\/schema.org","@graph":[{"@type":"WebSite","@id":"https:\/\/aikidowaza.com\/pl\/#website","url":"https:\/\/aikidowaza.com\/pl\/","name":"AIKIDOWAZA","description":"","potentialAction":[{"@type":"SearchAction","target":{"@type":"EntryPoint","urlTemplate":"https:\/\/aikidowaza.com\/pl\/?s={search_term_string}"},"query-input":"required name=search_term_string"}],"inLanguage":"pl-PL"},{"@type":"WebPage","@id":"https:\/\/aikidowaza.com\/pl\/rejestracja\/dozywotnia-subskrypcja\/#webpage","url":"https:\/\/aikidowaza.com\/pl\/rejestracja\/dozywotnia-subskrypcja\/","name":"Do\u017cywotnia subskrypcja - AIKIDOWAZA","isPartOf":{"@id":"https:\/\/aikidowaza.com\/pl\/#website"},"datePublished":"2019-06-11T14:50:59+00:00","dateModified":"2021-02-23T13:14:40+00:00","breadcrumb":{"@id":"https:\/\/aikidowaza.com\/pl\/rejestracja\/dozywotnia-subskrypcja\/#breadcrumb"},"inLanguage":"pl-PL","potentialAction":[{"@type":"ReadAction","target":["https:\/\/aikidowaza.com\/pl\/rejestracja\/dozywotnia-subskrypcja\/"]}]},{"@type":"BreadcrumbList","@id":"https:\/\/aikidowaza.com\/pl\/rejestracja\/dozywotnia-subskrypcja\/#breadcrumb","itemListElement":[{"@type":"ListItem","position":1,"name":"Portada","item":"https:\/\/aikidowaza.com\/pl\/"},{"@type":"ListItem","position":2,"name":"Rejestracja","item":"https:\/\/aikidowaza.com\/pl\/rejestracja\/"},{"@type":"ListItem","position":3,"name":"Do\u017cywotnia subskrypcja"}]}]}},"_links":{"self":[{"href":"https:\/\/aikidowaza.com\/pl\/wp-json\/wp\/v2\/pages\/71"}],"collection":[{"href":"https:\/\/aikidowaza.com\/pl\/wp-json\/wp\/v2\/pages"}],"about":[{"href":"https:\/\/aikidowaza.com\/pl\/wp-json\/wp\/v2\/types\/page"}],"author":[{"embeddable":true,"href":"https:\/\/aikidowaza.com\/pl\/wp-json\/wp\/v2\/users\/1"}],"replies":[{"embeddable":true,"href":"https:\/\/aikidowaza.com\/pl\/wp-json\/wp\/v2\/comments?post=71"}],"version-history":[{"count":6,"href":"https:\/\/aikidowaza.com\/pl\/wp-json\/wp\/v2\/pages\/71\/revisions"}],"predecessor-version":[{"id":877,"href":"https:\/\/aikidowaza.com\/pl\/wp-json\/wp\/v2\/pages\/71\/revisions\/877"}],"up":[{"embeddable":true,"href":"https:\/\/aikidowaza.com\/pl\/wp-json\/wp\/v2\/pages\/50"}],"wp:attachment":[{"href":"https:\/\/aikidowaza.com\/pl\/wp-json\/wp\/v2\/media?parent=71"}],"curies":[{"name":"wp","href":"https:\/\/api.w.org\/{rel}","templated":true}]}}